{"id":142918,"date":"2026-03-14T09:20:57","date_gmt":"2026-03-14T09:20:57","guid":{"rendered":"https:\/\/myvalentina.store\/?post_type=product&#038;p=142918"},"modified":"2026-03-20T20:21:38","modified_gmt":"2026-03-20T20:21:38","slug":"vestido-sculpt-goddess","status":"publish","type":"product","link":"https:\/\/myvalentina.store\/en\/product\/vestido-sculpt-goddess\/","title":{"rendered":"Sculpt Goddess Dress"},"content":{"rendered":"<p>Vestido com um corte assim\u00e9trico, super moderno e um detalhe de capa lateral que d\u00e1 um movimento incr\u00edvel ao andar. Os drapeados estrat\u00e9gicos na cintura ajudam a definir a silhueta de forma muito feminina. Ideal para aquele casamento ou evento\/jantar especial! Todo forrado. Veste tamanho real.<\/p>\n<p>The model comes in sizes: S\/M and M\/L<\/p>\n<p>As a comparison, the model is 1.64m tall, wears XS\/S and is wearing S\/M.<\/p>\n<p>&nbsp;<\/p>\n<p>&nbsp;<\/p>\n<p>&nbsp;<\/p>\n<p>&nbsp;<\/p>","protected":false},"excerpt":{"rendered":"<p>Vestido com um corte assim\u00e9trico, super moderno e um detalhe de capa lateral que d\u00e1 um movimento incr\u00edvel ao andar. Os drapeados estrat\u00e9gicos na cintura ajudam a definir a silhueta de forma muito feminina. Ideal para aquele casamento ou evento\/jantar especial! Todo forrado. Veste tamanho real.<\/p>\n<p>The model comes in sizes: S\/M and M\/L<\/p>\n<p>As a comparison, the model is 1.64m tall, wears XS\/S and is wearing S\/M.<\/p>","protected":false},"featured_media":142933,"comment_status":"closed","ping_status":"closed","template":"","meta":[],"product_brand":[],"product_cat":[155,16199,165,164],"product_tag":[],"class_list":{"0":"post-142918","1":"product","2":"type-product","3":"status-publish","4":"has-post-thumbnail","6":"product_cat-collection","7":"product_cat-especial-eventos","8":"product_cat-vestido-comprido-vestidos-vestuario","9":"product_cat-vestidos-vestuario","11":"first","12":"instock","13":"taxable","14":"shipping-taxable","15":"purchasable","16":"product-type-variable","17":"layout-style-1","18":"col-md-4 col-sm-4 col-xs-6","19":"col-lg-4","20":"product-has-gallery","21":"product-style-default"},"_links":{"self":[{"href":"https:\/\/myvalentina.store\/en\/wp-json\/wp\/v2\/product\/142918","targetHints":{"allow":["GET"]}}],"collection":[{"href":"https:\/\/myvalentina.store\/en\/wp-json\/wp\/v2\/product"}],"about":[{"href":"https:\/\/myvalentina.store\/en\/wp-json\/wp\/v2\/types\/product"}],"replies":[{"embeddable":true,"href":"https:\/\/myvalentina.store\/en\/wp-json\/wp\/v2\/comments?post=142918"}],"version-history":[{"count":1,"href":"https:\/\/myvalentina.store\/en\/wp-json\/wp\/v2\/product\/142918\/revisions"}],"predecessor-version":[{"id":142937,"href":"https:\/\/myvalentina.store\/en\/wp-json\/wp\/v2\/product\/142918\/revisions\/142937"}],"wp:featuredmedia":[{"embeddable":true,"href":"https:\/\/myvalentina.store\/en\/wp-json\/wp\/v2\/media\/142933"}],"wp:attachment":[{"href":"https:\/\/myvalentina.store\/en\/wp-json\/wp\/v2\/media?parent=142918"}],"wp:term":[{"taxonomy":"product_brand","embeddable":true,"href":"https:\/\/myvalentina.store\/en\/wp-json\/wp\/v2\/product_brand?post=142918"},{"taxonomy":"product_cat","embeddable":true,"href":"https:\/\/myvalentina.store\/en\/wp-json\/wp\/v2\/product_cat?post=142918"},{"taxonomy":"product_tag","embeddable":true,"href":"https:\/\/myvalentina.store\/en\/wp-json\/wp\/v2\/product_tag?post=142918"}],"curies":[{"name":"wp","href":"https:\/\/api.w.org\/{rel}","templated":true}]}}