{"id":142958,"date":"2026-03-15T17:13:39","date_gmt":"2026-03-15T17:13:39","guid":{"rendered":"https:\/\/myvalentina.store\/?post_type=product&#038;p=142958"},"modified":"2026-03-30T21:17:42","modified_gmt":"2026-03-30T21:17:42","slug":"calcas-de-alfaiataria-cintura-cruzada","status":"publish","type":"product","link":"https:\/\/myvalentina.store\/en\/product\/calcas-de-alfaiataria-cintura-cruzada\/","title":{"rendered":"Tailored Pants with Cross Waist"},"content":{"rendered":"<p>Cal\u00e7as de alfaiataria corte wide leg com o c\u00f3s assim\u00e9trico. Vestem super bem. T\u00eam bolsos e el\u00e1stico na cinta atr\u00e1s.<\/p>\n<p>The model is one size but fits all: S M L XL<\/p>\n<p>As a comparison, the model is 1.64 metres tall and wears XS\/S.<\/p>\n<p>&nbsp;<\/p>","protected":false},"excerpt":{"rendered":"<p>Cal\u00e7as de alfaiataria corte wide leg com o c\u00f3s assim\u00e9trico. Vestem super bem. T\u00eam bolsos e el\u00e1stico na cinta atr\u00e1s.<\/p>\n<p>The model is one size but fits all: S M L XL<\/p>\n<p>As a comparison, the model is 1.64 metres tall and wears XS\/S.<\/p>\n<p>&nbsp;<\/p>","protected":false},"featured_media":142967,"comment_status":"closed","ping_status":"closed","template":"","meta":[],"product_brand":[],"product_cat":[157,155],"product_tag":[],"class_list":{"0":"post-142958","1":"product","2":"type-product","3":"status-publish","4":"has-post-thumbnail","6":"product_cat-calcas-vestuario","7":"product_cat-collection","9":"first","10":"instock","11":"featured","12":"taxable","13":"shipping-taxable","14":"purchasable","15":"product-type-variable","16":"layout-style-1","17":"col-md-4 col-sm-4 col-xs-6","18":"col-lg-4","19":"product-has-gallery","20":"product-style-default"},"_links":{"self":[{"href":"https:\/\/myvalentina.store\/en\/wp-json\/wp\/v2\/product\/142958","targetHints":{"allow":["GET"]}}],"collection":[{"href":"https:\/\/myvalentina.store\/en\/wp-json\/wp\/v2\/product"}],"about":[{"href":"https:\/\/myvalentina.store\/en\/wp-json\/wp\/v2\/types\/product"}],"replies":[{"embeddable":true,"href":"https:\/\/myvalentina.store\/en\/wp-json\/wp\/v2\/comments?post=142958"}],"version-history":[{"count":2,"href":"https:\/\/myvalentina.store\/en\/wp-json\/wp\/v2\/product\/142958\/revisions"}],"predecessor-version":[{"id":142996,"href":"https:\/\/myvalentina.store\/en\/wp-json\/wp\/v2\/product\/142958\/revisions\/142996"}],"wp:featuredmedia":[{"embeddable":true,"href":"https:\/\/myvalentina.store\/en\/wp-json\/wp\/v2\/media\/142967"}],"wp:attachment":[{"href":"https:\/\/myvalentina.store\/en\/wp-json\/wp\/v2\/media?parent=142958"}],"wp:term":[{"taxonomy":"product_brand","embeddable":true,"href":"https:\/\/myvalentina.store\/en\/wp-json\/wp\/v2\/product_brand?post=142958"},{"taxonomy":"product_cat","embeddable":true,"href":"https:\/\/myvalentina.store\/en\/wp-json\/wp\/v2\/product_cat?post=142958"},{"taxonomy":"product_tag","embeddable":true,"href":"https:\/\/myvalentina.store\/en\/wp-json\/wp\/v2\/product_tag?post=142958"}],"curies":[{"name":"wp","href":"https:\/\/api.w.org\/{rel}","templated":true}]}}