{"id":143522,"date":"2026-03-31T23:38:12","date_gmt":"2026-03-31T23:38:12","guid":{"rendered":"https:\/\/myvalentina.store\/?post_type=product&#038;p=143522"},"modified":"2026-04-10T09:09:39","modified_gmt":"2026-04-10T09:09:39","slug":"calcas-barrel-strass","status":"publish","type":"product","link":"https:\/\/myvalentina.store\/en\/product\/calcas-barrel-strass\/","title":{"rendered":"Cal\u00e7as Barrel Strass"},"content":{"rendered":"<p>Cal\u00e7as de ganga modelo barrel com detalhes de strass. Vestem super bem e a ganga \u00e9 de excelente qualidade. Garantem um caimento estruturado e elegante, valorizando a silhueta. N\u00e3o tem elasticidade e vestem normal. Tem bolsos e presilhas.<\/p>\n<p>Sizes: S M L<\/p>\n<p>MEASURES: S has a 36cm waist, M has a 38cm waist and L has a 40cm waist<\/p>\n<p>As a comparison, the model is 1.64 metres tall, wears XS\/S and is wearing S.<\/p>\n<p>&nbsp;<\/p>\n<p>&nbsp;<\/p>\n<p>&nbsp;<\/p>","protected":false},"excerpt":{"rendered":"<p>Cal\u00e7as de ganga modelo barrel com detalhes de strass. Vestem super bem e a ganga \u00e9 de excelente qualidade. Garantem um caimento estruturado e elegante, valorizando a silhueta. N\u00e3o tem elasticidade e vestem normal. Tem bolsos e presilhas.<\/p>\n<p>Sizes: S M L<\/p>\n<p>MEASURES: S has a 36cm waist, M has a 38cm waist and L has a 40cm waist<\/p>\n<p>As a comparison, the model is 1.64 metres tall, wears XS\/S and is wearing S.<\/p>\n<p>&nbsp;<\/p>\n<p>&nbsp;<\/p>\n<p>&nbsp;<\/p>","protected":false},"featured_media":142002,"comment_status":"closed","ping_status":"closed","template":"","meta":[],"product_brand":[],"product_cat":[157,155,67],"product_tag":[],"class_list":{"0":"post-143522","1":"product","2":"type-product","3":"status-publish","4":"has-post-thumbnail","6":"product_cat-calcas-vestuario","7":"product_cat-collection","8":"product_cat-outlet","10":"first","11":"instock","12":"sale","13":"featured","14":"taxable","15":"shipping-taxable","16":"purchasable","17":"product-type-variable","18":"layout-style-1","19":"col-md-4 col-sm-4 col-xs-6","20":"col-lg-4","21":"product-has-gallery","22":"product-style-default"},"_links":{"self":[{"href":"https:\/\/myvalentina.store\/en\/wp-json\/wp\/v2\/product\/143522","targetHints":{"allow":["GET"]}}],"collection":[{"href":"https:\/\/myvalentina.store\/en\/wp-json\/wp\/v2\/product"}],"about":[{"href":"https:\/\/myvalentina.store\/en\/wp-json\/wp\/v2\/types\/product"}],"replies":[{"embeddable":true,"href":"https:\/\/myvalentina.store\/en\/wp-json\/wp\/v2\/comments?post=143522"}],"version-history":[{"count":1,"href":"https:\/\/myvalentina.store\/en\/wp-json\/wp\/v2\/product\/143522\/revisions"}],"predecessor-version":[{"id":143526,"href":"https:\/\/myvalentina.store\/en\/wp-json\/wp\/v2\/product\/143522\/revisions\/143526"}],"wp:featuredmedia":[{"embeddable":true,"href":"https:\/\/myvalentina.store\/en\/wp-json\/wp\/v2\/media\/142002"}],"wp:attachment":[{"href":"https:\/\/myvalentina.store\/en\/wp-json\/wp\/v2\/media?parent=143522"}],"wp:term":[{"taxonomy":"product_brand","embeddable":true,"href":"https:\/\/myvalentina.store\/en\/wp-json\/wp\/v2\/product_brand?post=143522"},{"taxonomy":"product_cat","embeddable":true,"href":"https:\/\/myvalentina.store\/en\/wp-json\/wp\/v2\/product_cat?post=143522"},{"taxonomy":"product_tag","embeddable":true,"href":"https:\/\/myvalentina.store\/en\/wp-json\/wp\/v2\/product_tag?post=143522"}],"curies":[{"name":"wp","href":"https:\/\/api.w.org\/{rel}","templated":true}]}}