{"id":143548,"date":"2026-04-01T21:23:12","date_gmt":"2026-04-01T21:23:12","guid":{"rendered":"https:\/\/myvalentina.store\/?post_type=product&#038;p=143548"},"modified":"2026-04-21T18:05:13","modified_gmt":"2026-04-21T18:05:13","slug":"conjunto-blusa-peplum-calcas-barrel","status":"publish","type":"product","link":"https:\/\/myvalentina.store\/en\/product\/conjunto-blusa-peplum-calcas-barrel\/","title":{"rendered":"Conjunto Blusa Peplum + Cal\u00e7as Barrel &#8211; Reposi\u00e7\u00e3o a 23\/4"},"content":{"rendered":"<p>Conjunto com posto por top com corte peplum e cal\u00e7as corte barrel. Cal\u00e7as com el\u00e1stico atr\u00e1s.<\/p>\n<p>O modelo \u00e9 tamanho \u00fanico mas serve a: S e M<\/p>\n<p>As a comparison, the model is 1.64 metres tall and wears XS\/S.<\/p>","protected":false},"excerpt":{"rendered":"<p>Conjunto com posto por top com corte peplum e cal\u00e7as corte barrel. Cal\u00e7as com el\u00e1stico atr\u00e1s.<\/p>\n<p>O modelo \u00e9 tamanho \u00fanico mas serve a: S e M<\/p>\n<p>As a comparison, the model is 1.64 metres tall and wears XS\/S.<\/p>","protected":false},"featured_media":143560,"comment_status":"closed","ping_status":"closed","template":"","meta":[],"product_brand":[],"product_cat":[155,173],"product_tag":[],"class_list":{"0":"post-143548","1":"product","2":"type-product","3":"status-publish","4":"has-post-thumbnail","6":"product_cat-collection","7":"product_cat-conjuntos-vestuario","9":"first","10":"instock","11":"taxable","12":"shipping-taxable","13":"purchasable","14":"product-type-variable","15":"layout-style-1","16":"col-md-4 col-sm-4 col-xs-6","17":"col-lg-4","18":"product-has-gallery","19":"product-style-default"},"_links":{"self":[{"href":"https:\/\/myvalentina.store\/en\/wp-json\/wp\/v2\/product\/143548","targetHints":{"allow":["GET"]}}],"collection":[{"href":"https:\/\/myvalentina.store\/en\/wp-json\/wp\/v2\/product"}],"about":[{"href":"https:\/\/myvalentina.store\/en\/wp-json\/wp\/v2\/types\/product"}],"replies":[{"embeddable":true,"href":"https:\/\/myvalentina.store\/en\/wp-json\/wp\/v2\/comments?post=143548"}],"version-history":[{"count":6,"href":"https:\/\/myvalentina.store\/en\/wp-json\/wp\/v2\/product\/143548\/revisions"}],"predecessor-version":[{"id":144155,"href":"https:\/\/myvalentina.store\/en\/wp-json\/wp\/v2\/product\/143548\/revisions\/144155"}],"wp:featuredmedia":[{"embeddable":true,"href":"https:\/\/myvalentina.store\/en\/wp-json\/wp\/v2\/media\/143560"}],"wp:attachment":[{"href":"https:\/\/myvalentina.store\/en\/wp-json\/wp\/v2\/media?parent=143548"}],"wp:term":[{"taxonomy":"product_brand","embeddable":true,"href":"https:\/\/myvalentina.store\/en\/wp-json\/wp\/v2\/product_brand?post=143548"},{"taxonomy":"product_cat","embeddable":true,"href":"https:\/\/myvalentina.store\/en\/wp-json\/wp\/v2\/product_cat?post=143548"},{"taxonomy":"product_tag","embeddable":true,"href":"https:\/\/myvalentina.store\/en\/wp-json\/wp\/v2\/product_tag?post=143548"}],"curies":[{"name":"wp","href":"https:\/\/api.w.org\/{rel}","templated":true}]}}