{"id":143656,"date":"2026-04-01T21:56:59","date_gmt":"2026-04-01T21:56:59","guid":{"rendered":"https:\/\/myvalentina.store\/?post_type=product&#038;p=143656"},"modified":"2026-04-18T08:49:47","modified_gmt":"2026-04-18T08:49:47","slug":"top-cetim-assimetrico-polka-dot","status":"publish","type":"product","link":"https:\/\/myvalentina.store\/en\/product\/top-cetim-assimetrico-polka-dot\/","title":{"rendered":"Top Cetim Assim\u00e9trico Polka Dot"},"content":{"rendered":"<p>Top em cetim corte assim\u00e9trico com detalhe de renda e estampado polka dot. N\u00e3o tem elasticidade. Tecido macio.<\/p>\n<p>The model is one size fits all and fits: S and M<\/p>\n<p>As a comparison, the model is 1.64 metres tall and wears XS\/S.<\/p>\n<p>&nbsp;<\/p>","protected":false},"excerpt":{"rendered":"<p>Top em cetim corte assim\u00e9trico com detalhe de renda e estampado polka dot. N\u00e3o tem elasticidade. Tecido macio.<\/p>\n<p>The model is one size fits all and fits: S and M<\/p>\n<p>As a comparison, the model is 1.64 metres tall and wears XS\/S.<\/p>\n<p>&nbsp;<\/p>","protected":false},"featured_media":143580,"comment_status":"closed","ping_status":"closed","template":"","meta":[],"product_brand":[],"product_cat":[155,158],"product_tag":[],"class_list":{"0":"post-143656","1":"product","2":"type-product","3":"status-publish","4":"has-post-thumbnail","6":"product_cat-collection","7":"product_cat-tops-vestuario","9":"first","10":"instock","11":"taxable","12":"shipping-taxable","13":"purchasable","14":"product-type-simple","15":"layout-style-1","16":"col-md-4 col-sm-4 col-xs-6","17":"col-lg-4","18":"product-has-gallery","19":"product-style-default"},"_links":{"self":[{"href":"https:\/\/myvalentina.store\/en\/wp-json\/wp\/v2\/product\/143656","targetHints":{"allow":["GET"]}}],"collection":[{"href":"https:\/\/myvalentina.store\/en\/wp-json\/wp\/v2\/product"}],"about":[{"href":"https:\/\/myvalentina.store\/en\/wp-json\/wp\/v2\/types\/product"}],"replies":[{"embeddable":true,"href":"https:\/\/myvalentina.store\/en\/wp-json\/wp\/v2\/comments?post=143656"}],"version-history":[{"count":1,"href":"https:\/\/myvalentina.store\/en\/wp-json\/wp\/v2\/product\/143656\/revisions"}],"predecessor-version":[{"id":143657,"href":"https:\/\/myvalentina.store\/en\/wp-json\/wp\/v2\/product\/143656\/revisions\/143657"}],"wp:featuredmedia":[{"embeddable":true,"href":"https:\/\/myvalentina.store\/en\/wp-json\/wp\/v2\/media\/143580"}],"wp:attachment":[{"href":"https:\/\/myvalentina.store\/en\/wp-json\/wp\/v2\/media?parent=143656"}],"wp:term":[{"taxonomy":"product_brand","embeddable":true,"href":"https:\/\/myvalentina.store\/en\/wp-json\/wp\/v2\/product_brand?post=143656"},{"taxonomy":"product_cat","embeddable":true,"href":"https:\/\/myvalentina.store\/en\/wp-json\/wp\/v2\/product_cat?post=143656"},{"taxonomy":"product_tag","embeddable":true,"href":"https:\/\/myvalentina.store\/en\/wp-json\/wp\/v2\/product_tag?post=143656"}],"curies":[{"name":"wp","href":"https:\/\/api.w.org\/{rel}","templated":true}]}}