{"id":143735,"date":"2026-04-06T19:22:48","date_gmt":"2026-04-06T19:22:48","guid":{"rendered":"https:\/\/myvalentina.store\/?post_type=product&#038;p=143735"},"modified":"2026-04-09T08:02:53","modified_gmt":"2026-04-09T08:02:53","slug":"conjunto-com-acabamento-em-renda","status":"publish","type":"product","link":"https:\/\/myvalentina.store\/en\/product\/conjunto-com-acabamento-em-renda\/","title":{"rendered":"Conjunto com Acabamento em Renda"},"content":{"rendered":"<p>Conjunto leve e confort\u00e1vel, com detalhe de renda que faz a diferen\u00e7a. T-shirt com corte assim\u00e9trico e cal\u00e7a de cintura subida, perfeito para um look simples mas cuidado.<\/p>\n<p>O modelo \u00e9 tamanho \u00fanico mas serve a: S e M<\/p>\n<p>As a comparison, the model is 1.64 metres tall and wears XS\/S.<\/p>","protected":false},"excerpt":{"rendered":"<p>Conjunto leve e confort\u00e1vel, com detalhe de renda que faz a diferen\u00e7a. T-shirt com corte assim\u00e9trico e cal\u00e7a de cintura subida, perfeito para um look simples mas cuidado.<\/p>\n<p>O modelo \u00e9 tamanho \u00fanico mas serve a: S e M<\/p>\n<p>As a comparison, the model is 1.64 metres tall and wears XS\/S.<\/p>","protected":false},"featured_media":143770,"comment_status":"closed","ping_status":"closed","template":"","meta":[],"product_brand":[],"product_cat":[155,173],"product_tag":[],"class_list":{"0":"post-143735","1":"product","2":"type-product","3":"status-publish","4":"has-post-thumbnail","6":"product_cat-collection","7":"product_cat-conjuntos-vestuario","9":"first","10":"instock","11":"taxable","12":"shipping-taxable","13":"purchasable","14":"product-type-variable","15":"layout-style-1","16":"col-md-4 col-sm-4 col-xs-6","17":"col-lg-4","18":"product-has-gallery","19":"product-style-default"},"_links":{"self":[{"href":"https:\/\/myvalentina.store\/en\/wp-json\/wp\/v2\/product\/143735","targetHints":{"allow":["GET"]}}],"collection":[{"href":"https:\/\/myvalentina.store\/en\/wp-json\/wp\/v2\/product"}],"about":[{"href":"https:\/\/myvalentina.store\/en\/wp-json\/wp\/v2\/types\/product"}],"replies":[{"embeddable":true,"href":"https:\/\/myvalentina.store\/en\/wp-json\/wp\/v2\/comments?post=143735"}],"version-history":[{"count":2,"href":"https:\/\/myvalentina.store\/en\/wp-json\/wp\/v2\/product\/143735\/revisions"}],"predecessor-version":[{"id":143833,"href":"https:\/\/myvalentina.store\/en\/wp-json\/wp\/v2\/product\/143735\/revisions\/143833"}],"wp:featuredmedia":[{"embeddable":true,"href":"https:\/\/myvalentina.store\/en\/wp-json\/wp\/v2\/media\/143770"}],"wp:attachment":[{"href":"https:\/\/myvalentina.store\/en\/wp-json\/wp\/v2\/media?parent=143735"}],"wp:term":[{"taxonomy":"product_brand","embeddable":true,"href":"https:\/\/myvalentina.store\/en\/wp-json\/wp\/v2\/product_brand?post=143735"},{"taxonomy":"product_cat","embeddable":true,"href":"https:\/\/myvalentina.store\/en\/wp-json\/wp\/v2\/product_cat?post=143735"},{"taxonomy":"product_tag","embeddable":true,"href":"https:\/\/myvalentina.store\/en\/wp-json\/wp\/v2\/product_tag?post=143735"}],"curies":[{"name":"wp","href":"https:\/\/api.w.org\/{rel}","templated":true}]}}