{"id":144181,"date":"2026-04-21T15:28:14","date_gmt":"2026-04-21T15:28:14","guid":{"rendered":"https:\/\/myvalentina.store\/?post_type=product&#038;p=144181"},"modified":"2026-04-21T19:21:40","modified_gmt":"2026-04-21T19:21:40","slug":"conjunto-de-t-shirt-franzido-lateral-calcas","status":"publish","type":"product","link":"https:\/\/myvalentina.store\/en\/product\/conjunto-de-t-shirt-franzido-lateral-calcas\/","title":{"rendered":"Conjunto de T-shirt Franzido Lateral &#038; Cal\u00e7as"},"content":{"rendered":"<p>Conjunto pr\u00e1tico e vers\u00e1til, com t-shirt de efeito franzido na lateral que valoriza a silhueta. Ideal para um look descontra\u00eddo, mas sempre com estilo.<\/p>\n<p>O modelo \u00e9 tamanho \u00fanico mas serve a: S e M<\/p>\n<p>Como compara\u00e7\u00e3o, a modelo mede 1.64m, est\u00e1 com saltos de 7cm e veste XS\/S.<\/p>","protected":false},"excerpt":{"rendered":"<p>Conjunto pr\u00e1tico e vers\u00e1til, com t-shirt de efeito franzido na lateral que valoriza a silhueta. Ideal para um look descontra\u00eddo, mas sempre com estilo.<\/p>\n<p>O modelo \u00e9 tamanho \u00fanico mas serve a: S e M<\/p>\n<p>Como compara\u00e7\u00e3o, a modelo mede 1.64m, est\u00e1 com saltos de 7cm e veste XS\/S.<\/p>","protected":false},"featured_media":144213,"comment_status":"closed","ping_status":"closed","template":"","meta":[],"product_brand":[],"product_cat":[155,173],"product_tag":[],"class_list":{"0":"post-144181","1":"product","2":"type-product","3":"status-publish","4":"has-post-thumbnail","6":"product_cat-collection","7":"product_cat-conjuntos-vestuario","9":"first","10":"instock","11":"taxable","12":"shipping-taxable","13":"purchasable","14":"product-type-variable","15":"new","16":"layout-style-1","17":"col-md-4 col-sm-4 col-xs-6","18":"col-lg-4","19":"product-has-gallery","20":"product-style-default"},"_links":{"self":[{"href":"https:\/\/myvalentina.store\/en\/wp-json\/wp\/v2\/product\/144181","targetHints":{"allow":["GET"]}}],"collection":[{"href":"https:\/\/myvalentina.store\/en\/wp-json\/wp\/v2\/product"}],"about":[{"href":"https:\/\/myvalentina.store\/en\/wp-json\/wp\/v2\/types\/product"}],"replies":[{"embeddable":true,"href":"https:\/\/myvalentina.store\/en\/wp-json\/wp\/v2\/comments?post=144181"}],"version-history":[{"count":3,"href":"https:\/\/myvalentina.store\/en\/wp-json\/wp\/v2\/product\/144181\/revisions"}],"predecessor-version":[{"id":144222,"href":"https:\/\/myvalentina.store\/en\/wp-json\/wp\/v2\/product\/144181\/revisions\/144222"}],"wp:featuredmedia":[{"embeddable":true,"href":"https:\/\/myvalentina.store\/en\/wp-json\/wp\/v2\/media\/144213"}],"wp:attachment":[{"href":"https:\/\/myvalentina.store\/en\/wp-json\/wp\/v2\/media?parent=144181"}],"wp:term":[{"taxonomy":"product_brand","embeddable":true,"href":"https:\/\/myvalentina.store\/en\/wp-json\/wp\/v2\/product_brand?post=144181"},{"taxonomy":"product_cat","embeddable":true,"href":"https:\/\/myvalentina.store\/en\/wp-json\/wp\/v2\/product_cat?post=144181"},{"taxonomy":"product_tag","embeddable":true,"href":"https:\/\/myvalentina.store\/en\/wp-json\/wp\/v2\/product_tag?post=144181"}],"curies":[{"name":"wp","href":"https:\/\/api.w.org\/{rel}","templated":true}]}}