{"id":144243,"date":"2026-04-21T15:39:13","date_gmt":"2026-04-21T15:39:13","guid":{"rendered":"https:\/\/myvalentina.store\/?post_type=product&#038;p=144243"},"modified":"2026-04-21T21:08:07","modified_gmt":"2026-04-21T21:08:07","slug":"vestido-ethereal-ruffle-longo","status":"publish","type":"product","link":"https:\/\/myvalentina.store\/en\/product\/vestido-ethereal-ruffle-longo\/","title":{"rendered":"Vestido Ethereal Ruffle Longo"},"content":{"rendered":"<p>Vestido longo num tom amarelo pastel delicado, \u00e9 definido pelas suas camadas de folhos verticais que criam um efeito deslumbrante a cada passo. Com um decote halter que alonga a silhueta, \u00e9 a pe\u00e7a ideal para quem procura um visual iluminado, rom\u00e2ntico e absolutamente memor\u00e1vel.Todo forrado. Veste tamanho real.<\/p>\n<p>The model comes in sizes: S\/M and M\/L<\/p>\n<p>Como compara\u00e7\u00e3o, a modelo mede 1.64m, est\u00e1 com uns saltos de 7cm, veste XS\/S e est\u00e1 com o S\/M vestido.<\/p>\n<p>&nbsp;<\/p>\n<p>&nbsp;<\/p>\n<p>&nbsp;<\/p>\n<p>&nbsp;<\/p>","protected":false},"excerpt":{"rendered":"<p>Vestido longo num tom amarelo pastel delicado, \u00e9 definido pelas suas camadas de folhos verticais que criam um efeito deslumbrante a cada passo. Com um decote halter que alonga a silhueta, \u00e9 a pe\u00e7a ideal para quem procura um visual iluminado, rom\u00e2ntico e absolutamente memor\u00e1vel.Todo forrado. Veste tamanho real.<\/p>\n<p>The model comes in sizes: S\/M and M\/L<\/p>\n<p>Como compara\u00e7\u00e3o, a modelo mede 1.64m, est\u00e1 com uns saltos de 7cm, veste XS\/S e est\u00e1 com o S\/M vestido.<\/p>","protected":false},"featured_media":144258,"comment_status":"closed","ping_status":"closed","template":"","meta":[],"product_brand":[],"product_cat":[155,16199,165,164],"product_tag":[],"class_list":{"0":"post-144243","1":"product","2":"type-product","3":"status-publish","4":"has-post-thumbnail","6":"product_cat-collection","7":"product_cat-especial-eventos","8":"product_cat-vestido-comprido-vestidos-vestuario","9":"product_cat-vestidos-vestuario","11":"first","12":"instock","13":"taxable","14":"shipping-taxable","15":"purchasable","16":"product-type-variable","17":"new","18":"layout-style-1","19":"col-md-4 col-sm-4 col-xs-6","20":"col-lg-4","21":"product-has-gallery","22":"product-style-default"},"_links":{"self":[{"href":"https:\/\/myvalentina.store\/en\/wp-json\/wp\/v2\/product\/144243","targetHints":{"allow":["GET"]}}],"collection":[{"href":"https:\/\/myvalentina.store\/en\/wp-json\/wp\/v2\/product"}],"about":[{"href":"https:\/\/myvalentina.store\/en\/wp-json\/wp\/v2\/types\/product"}],"replies":[{"embeddable":true,"href":"https:\/\/myvalentina.store\/en\/wp-json\/wp\/v2\/comments?post=144243"}],"version-history":[{"count":1,"href":"https:\/\/myvalentina.store\/en\/wp-json\/wp\/v2\/product\/144243\/revisions"}],"predecessor-version":[{"id":144261,"href":"https:\/\/myvalentina.store\/en\/wp-json\/wp\/v2\/product\/144243\/revisions\/144261"}],"wp:featuredmedia":[{"embeddable":true,"href":"https:\/\/myvalentina.store\/en\/wp-json\/wp\/v2\/media\/144258"}],"wp:attachment":[{"href":"https:\/\/myvalentina.store\/en\/wp-json\/wp\/v2\/media?parent=144243"}],"wp:term":[{"taxonomy":"product_brand","embeddable":true,"href":"https:\/\/myvalentina.store\/en\/wp-json\/wp\/v2\/product_brand?post=144243"},{"taxonomy":"product_cat","embeddable":true,"href":"https:\/\/myvalentina.store\/en\/wp-json\/wp\/v2\/product_cat?post=144243"},{"taxonomy":"product_tag","embeddable":true,"href":"https:\/\/myvalentina.store\/en\/wp-json\/wp\/v2\/product_tag?post=144243"}],"curies":[{"name":"wp","href":"https:\/\/api.w.org\/{rel}","templated":true}]}}