{"id":144364,"date":"2026-04-26T19:47:25","date_gmt":"2026-04-26T19:47:25","guid":{"rendered":"https:\/\/myvalentina.store\/?post_type=product&#038;p=144364"},"modified":"2026-04-26T19:52:01","modified_gmt":"2026-04-26T19:52:01","slug":"vestido-midi-chocolate","status":"publish","type":"product","link":"https:\/\/myvalentina.store\/en\/product\/vestido-midi-chocolate\/","title":{"rendered":"Vestido Midi Chocolate"},"content":{"rendered":"<p>V<\/p>\n<p>Vestido midi em tom chocolate, com corte estruturado no peito que valoriza a silhueta. Possui el\u00e1stico nas costas para melhor adapta\u00e7\u00e3o ao corpo e al\u00e7as ajust\u00e1veis com regulador. Elegante, confort\u00e1vel e perfeito para qualquer ocasi\u00e3o.<\/p>\n<p>As a comparison, the model is 1.64 metres tall and wears XS\/S.<\/p>\n<p>As a comparison, the model is 1.64 metres tall and wears XS\/S.<\/p>","protected":false},"excerpt":{"rendered":"<p>V<\/p>\n<p>Vestido midi em tom chocolate, com corte estruturado no peito que valoriza a silhueta. Possui el\u00e1stico nas costas para melhor adapta\u00e7\u00e3o ao corpo e al\u00e7as ajust\u00e1veis com regulador. Elegante, confort\u00e1vel e perfeito para qualquer ocasi\u00e3o.<\/p>\n<p>As a comparison, the model is 1.64 metres tall and wears XS\/S.<\/p>\n<p>As a comparison, the model is 1.64 metres tall and wears XS\/S.<\/p>","protected":false},"featured_media":144377,"comment_status":"closed","ping_status":"closed","template":"","meta":[],"product_brand":[],"product_cat":[155,166,164],"product_tag":[],"class_list":{"0":"post-144364","1":"product","2":"type-product","3":"status-publish","4":"has-post-thumbnail","6":"product_cat-collection","7":"product_cat-vestido-midi-vestidos-vestuario","8":"product_cat-vestidos-vestuario","10":"first","11":"instock","12":"taxable","13":"shipping-taxable","14":"purchasable","15":"product-type-simple","16":"new","17":"layout-style-1","18":"col-md-4 col-sm-4 col-xs-6","19":"col-lg-4","20":"product-has-gallery","21":"product-style-default"},"_links":{"self":[{"href":"https:\/\/myvalentina.store\/en\/wp-json\/wp\/v2\/product\/144364","targetHints":{"allow":["GET"]}}],"collection":[{"href":"https:\/\/myvalentina.store\/en\/wp-json\/wp\/v2\/product"}],"about":[{"href":"https:\/\/myvalentina.store\/en\/wp-json\/wp\/v2\/types\/product"}],"replies":[{"embeddable":true,"href":"https:\/\/myvalentina.store\/en\/wp-json\/wp\/v2\/comments?post=144364"}],"version-history":[{"count":1,"href":"https:\/\/myvalentina.store\/en\/wp-json\/wp\/v2\/product\/144364\/revisions"}],"predecessor-version":[{"id":144379,"href":"https:\/\/myvalentina.store\/en\/wp-json\/wp\/v2\/product\/144364\/revisions\/144379"}],"wp:featuredmedia":[{"embeddable":true,"href":"https:\/\/myvalentina.store\/en\/wp-json\/wp\/v2\/media\/144377"}],"wp:attachment":[{"href":"https:\/\/myvalentina.store\/en\/wp-json\/wp\/v2\/media?parent=144364"}],"wp:term":[{"taxonomy":"product_brand","embeddable":true,"href":"https:\/\/myvalentina.store\/en\/wp-json\/wp\/v2\/product_brand?post=144364"},{"taxonomy":"product_cat","embeddable":true,"href":"https:\/\/myvalentina.store\/en\/wp-json\/wp\/v2\/product_cat?post=144364"},{"taxonomy":"product_tag","embeddable":true,"href":"https:\/\/myvalentina.store\/en\/wp-json\/wp\/v2\/product_tag?post=144364"}],"curies":[{"name":"wp","href":"https:\/\/api.w.org\/{rel}","templated":true}]}}