{"id":135073,"date":"2025-05-18T21:05:06","date_gmt":"2025-05-18T21:05:06","guid":{"rendered":"https:\/\/myvalentina.store\/?post_type=product&#038;p=135073"},"modified":"2026-02-05T14:31:43","modified_gmt":"2026-02-05T14:31:43","slug":"biquini-triangulo-basic","status":"publish","type":"product","link":"https:\/\/myvalentina.store\/es\/producto\/biquini-triangulo-basic\/","title":{"rendered":"Bikini tri\u00e1ngulo b\u00e1sico"},"content":{"rendered":"<p>Bikini de ganchillo hecho a mano 100%. Forrado. Ajustable en la espalda, pecho y cuello y en el lateral de la braguita.<\/p>\n<p>Talla \u00fanica: los bikinis son peque\u00f1os, pero puedes pedir el modelo con braguita\/tri\u00e1ngulo m\u00e1s grande.<\/p>\n<p>(Si es necesario realizar alg\u00fan cambio despu\u00e9s de la recepci\u00f3n, los gastos de env\u00edo correr\u00e1n a cargo del cliente)<br \/>\nGran durabilidad. Respetuoso con el medio ambiente.<br \/>\n<strong><em>Plazo de entrega 2-3 semanas <\/em><\/strong><em>(incluso podr\u00eda ser menos, pero como est\u00e1n hechos a mano depender\u00e1 del volumen de pedidos)<\/em><\/p>\n<p><strong>COMPOSICI\u00d3N:<\/strong> ganchillo + forro 100% algod\u00f3n<\/p>\n<p>Comparaci\u00f3n: La modelo mide 1,64 metros y viste la talla S (36).<\/p>\n<p><strong>CUIDADO QUE HAY QUE TENER:<\/strong><br \/>\nSecar al natural o enrollando y presionando con una toalla para eliminar la humedad.<br \/>\nNo lo cuelgue empapado, ya que podr\u00eda deformarse.<br \/>\nGuarda las piezas cuidadosamente dobladas.<br \/>\nNo lavar nunca a m\u00e1quina.<\/p>","protected":false},"excerpt":{"rendered":"<p>Bikini de ganchillo hecho a mano 100%. Forrado. Ajustable en la espalda, pecho y cuello y en el lateral de la braguita.<\/p>\n<p>Talla \u00fanica: los bikinis son peque\u00f1os, pero puedes pedir el modelo con braguita\/tri\u00e1ngulo m\u00e1s grande.<\/p>\n<p>(Si es necesario realizar alg\u00fan cambio despu\u00e9s de la recepci\u00f3n, los gastos de env\u00edo correr\u00e1n a cargo del cliente)<br \/>\nGran durabilidad. Respetuoso con el medio ambiente.<br \/>\n<strong><em>Plazo de entrega 2-3 semanas <\/em><\/strong><em>(incluso podr\u00eda ser menos, pero como est\u00e1n hechos a mano depender\u00e1 del volumen de pedidos)<\/em><\/p>\n<p><strong>COMPOSICI\u00d3N:<\/strong> ganchillo + forro 100% algod\u00f3n<\/p>\n<p>Comparaci\u00f3n: La modelo mide 1,64 metros y viste la talla S (36).<\/p>\n<p><strong>CUIDADO QUE HAY QUE TENER:<\/strong><br \/>\nSecar al natural o enrollando y presionando con una toalla para eliminar la humedad.<br \/>\nNo lo cuelgue empapado, ya que podr\u00eda deformarse.<br \/>\nGuarda las piezas cuidadosamente dobladas.<br \/>\nNo lavar nunca a m\u00e1quina.<\/p>","protected":false},"featured_media":135090,"comment_status":"closed","ping_status":"closed","template":"","meta":[],"product_brand":[],"product_cat":[16047,155,15277],"product_tag":[],"class_list":{"0":"post-135073","1":"product","2":"type-product","3":"status-publish","4":"has-post-thumbnail","6":"product_cat-biquini","7":"product_cat-collection","8":"product_cat-swimwear","10":"first","11":"instock","12":"featured","13":"taxable","14":"shipping-taxable","15":"purchasable","16":"product-type-variable","17":"layout-style-1","18":"col-md-4 col-sm-4 col-xs-6","19":"col-lg-4","20":"product-has-gallery","21":"product-style-default"},"_links":{"self":[{"href":"https:\/\/myvalentina.store\/es\/wp-json\/wp\/v2\/product\/135073","targetHints":{"allow":["GET"]}}],"collection":[{"href":"https:\/\/myvalentina.store\/es\/wp-json\/wp\/v2\/product"}],"about":[{"href":"https:\/\/myvalentina.store\/es\/wp-json\/wp\/v2\/types\/product"}],"replies":[{"embeddable":true,"href":"https:\/\/myvalentina.store\/es\/wp-json\/wp\/v2\/comments?post=135073"}],"version-history":[{"count":3,"href":"https:\/\/myvalentina.store\/es\/wp-json\/wp\/v2\/product\/135073\/revisions"}],"predecessor-version":[{"id":135114,"href":"https:\/\/myvalentina.store\/es\/wp-json\/wp\/v2\/product\/135073\/revisions\/135114"}],"wp:featuredmedia":[{"embeddable":true,"href":"https:\/\/myvalentina.store\/es\/wp-json\/wp\/v2\/media\/135090"}],"wp:attachment":[{"href":"https:\/\/myvalentina.store\/es\/wp-json\/wp\/v2\/media?parent=135073"}],"wp:term":[{"taxonomy":"product_brand","embeddable":true,"href":"https:\/\/myvalentina.store\/es\/wp-json\/wp\/v2\/product_brand?post=135073"},{"taxonomy":"product_cat","embeddable":true,"href":"https:\/\/myvalentina.store\/es\/wp-json\/wp\/v2\/product_cat?post=135073"},{"taxonomy":"product_tag","embeddable":true,"href":"https:\/\/myvalentina.store\/es\/wp-json\/wp\/v2\/product_tag?post=135073"}],"curies":[{"name":"wp","href":"https:\/\/api.w.org\/{rel}","templated":true}]}}