{"id":138518,"date":"2025-10-28T20:35:58","date_gmt":"2025-10-28T20:35:58","guid":{"rendered":"https:\/\/myvalentina.store\/?post_type=product&#038;p=138518"},"modified":"2026-04-20T21:15:59","modified_gmt":"2026-04-20T21:15:59","slug":"cinto-em-pele-italiana","status":"publish","type":"product","link":"https:\/\/myvalentina.store\/es\/producto\/cinto-em-pele-italiana\/","title":{"rendered":"Cintur\u00f3n 100% Piel italiana"},"content":{"rendered":"<p>Inspirado en el cl\u00e1sico estilo de lujo franc\u00e9s, este cintur\u00f3n 100% de aut\u00e9ntica piel italiana destaca por su ic\u00f3nica hebilla y su acabado de primera calidad. Ajustable a todas las tallas. Hebilla dorada.<\/p>\n<p>El modelo es de talla \u00fanica y se adapta a todas las tallas: XS S M L XL<\/p>\n<p>A modo de comparaci\u00f3n, la modelo mide 1,64 metros y viste la talla XS\/S.<\/p>\n<p>&nbsp;<\/p>\n<p>&nbsp;<\/p>\n<p>&nbsp;<\/p>\n<p>&nbsp;<\/p>","protected":false},"excerpt":{"rendered":"<p>Inspirado en el cl\u00e1sico estilo de lujo franc\u00e9s, este cintur\u00f3n 100% de aut\u00e9ntica piel italiana destaca por su ic\u00f3nica hebilla y su acabado de primera calidad. Ajustable a todas las tallas. Hebilla dorada.<\/p>\n<p>El modelo es de talla \u00fanica y se adapta a todas las tallas: XS S M L XL<\/p>\n<p>A modo de comparaci\u00f3n, la modelo mide 1,64 metros y viste la talla XS\/S.<\/p>\n<p>&nbsp;<\/p>\n<p>&nbsp;<\/p>\n<p>&nbsp;<\/p>\n<p>&nbsp;<\/p>","protected":false},"featured_media":137927,"comment_status":"closed","ping_status":"closed","template":"","meta":[],"product_brand":[],"product_cat":[19,155],"product_tag":[],"class_list":{"0":"post-138518","1":"product","2":"type-product","3":"status-publish","4":"has-post-thumbnail","6":"product_cat-accessories","7":"product_cat-collection","9":"first","10":"instock","11":"taxable","12":"shipping-taxable","13":"purchasable","14":"product-type-variable","15":"layout-style-1","16":"col-md-4 col-sm-4 col-xs-6","17":"col-lg-4","18":"product-has-gallery","19":"product-style-default"},"_links":{"self":[{"href":"https:\/\/myvalentina.store\/es\/wp-json\/wp\/v2\/product\/138518","targetHints":{"allow":["GET"]}}],"collection":[{"href":"https:\/\/myvalentina.store\/es\/wp-json\/wp\/v2\/product"}],"about":[{"href":"https:\/\/myvalentina.store\/es\/wp-json\/wp\/v2\/types\/product"}],"replies":[{"embeddable":true,"href":"https:\/\/myvalentina.store\/es\/wp-json\/wp\/v2\/comments?post=138518"}],"version-history":[{"count":2,"href":"https:\/\/myvalentina.store\/es\/wp-json\/wp\/v2\/product\/138518\/revisions"}],"predecessor-version":[{"id":141729,"href":"https:\/\/myvalentina.store\/es\/wp-json\/wp\/v2\/product\/138518\/revisions\/141729"}],"wp:featuredmedia":[{"embeddable":true,"href":"https:\/\/myvalentina.store\/es\/wp-json\/wp\/v2\/media\/137927"}],"wp:attachment":[{"href":"https:\/\/myvalentina.store\/es\/wp-json\/wp\/v2\/media?parent=138518"}],"wp:term":[{"taxonomy":"product_brand","embeddable":true,"href":"https:\/\/myvalentina.store\/es\/wp-json\/wp\/v2\/product_brand?post=138518"},{"taxonomy":"product_cat","embeddable":true,"href":"https:\/\/myvalentina.store\/es\/wp-json\/wp\/v2\/product_cat?post=138518"},{"taxonomy":"product_tag","embeddable":true,"href":"https:\/\/myvalentina.store\/es\/wp-json\/wp\/v2\/product_tag?post=138518"}],"curies":[{"name":"wp","href":"https:\/\/api.w.org\/{rel}","templated":true}]}}