{"id":140792,"date":"2026-01-13T16:45:46","date_gmt":"2026-01-13T16:45:46","guid":{"rendered":"https:\/\/myvalentina.store\/?post_type=product&#038;p=140792"},"modified":"2026-04-23T21:34:10","modified_gmt":"2026-04-23T21:34:10","slug":"calcas-de-alfaiataria-wide-leg-basic-2","status":"publish","type":"product","link":"https:\/\/myvalentina.store\/es\/producto\/calcas-de-alfaiataria-wide-leg-basic-2\/","title":{"rendered":"Pantalones Sastre Pierna Ancha B\u00e1sicos"},"content":{"rendered":"<p>Pantal\u00f3n de sastrer\u00eda de pierna ancha. Se ajustan muy bien y el tejido es de excelente calidad. Tiene bolsillos y trabillas. Se ajusta a la talla.<\/p>\n<p>Tallas: S M L<\/p>\n<p>A modo de comparaci\u00f3n, la modelo mide 1,64 metros, usa la XS\/S y lleva la S.<\/p>\n<p>&nbsp;<\/p>","protected":false},"excerpt":{"rendered":"<p>Pantal\u00f3n de sastrer\u00eda de pierna ancha. Se ajustan muy bien y el tejido es de excelente calidad. Tiene bolsillos y trabillas. Se ajusta a la talla.<\/p>\n<p>Tallas: S M L<\/p>\n<p>A modo de comparaci\u00f3n, la modelo mide 1,64 metros, usa la XS\/S y lleva la S.<\/p>\n<p>&nbsp;<\/p>","protected":false},"featured_media":139113,"comment_status":"closed","ping_status":"closed","template":"","meta":[],"product_brand":[],"product_cat":[157,155,67],"product_tag":[],"class_list":{"0":"post-140792","1":"product","2":"type-product","3":"status-publish","4":"has-post-thumbnail","6":"product_cat-calcas-vestuario","7":"product_cat-collection","8":"product_cat-outlet","10":"first","11":"instock","12":"sale","13":"featured","14":"taxable","15":"shipping-taxable","16":"purchasable","17":"product-type-variable","18":"layout-style-1","19":"col-md-4 col-sm-4 col-xs-6","20":"col-lg-4","21":"product-has-gallery","22":"product-style-default"},"_links":{"self":[{"href":"https:\/\/myvalentina.store\/es\/wp-json\/wp\/v2\/product\/140792","targetHints":{"allow":["GET"]}}],"collection":[{"href":"https:\/\/myvalentina.store\/es\/wp-json\/wp\/v2\/product"}],"about":[{"href":"https:\/\/myvalentina.store\/es\/wp-json\/wp\/v2\/types\/product"}],"replies":[{"embeddable":true,"href":"https:\/\/myvalentina.store\/es\/wp-json\/wp\/v2\/comments?post=140792"}],"version-history":[{"count":1,"href":"https:\/\/myvalentina.store\/es\/wp-json\/wp\/v2\/product\/140792\/revisions"}],"predecessor-version":[{"id":140802,"href":"https:\/\/myvalentina.store\/es\/wp-json\/wp\/v2\/product\/140792\/revisions\/140802"}],"wp:featuredmedia":[{"embeddable":true,"href":"https:\/\/myvalentina.store\/es\/wp-json\/wp\/v2\/media\/139113"}],"wp:attachment":[{"href":"https:\/\/myvalentina.store\/es\/wp-json\/wp\/v2\/media?parent=140792"}],"wp:term":[{"taxonomy":"product_brand","embeddable":true,"href":"https:\/\/myvalentina.store\/es\/wp-json\/wp\/v2\/product_brand?post=140792"},{"taxonomy":"product_cat","embeddable":true,"href":"https:\/\/myvalentina.store\/es\/wp-json\/wp\/v2\/product_cat?post=140792"},{"taxonomy":"product_tag","embeddable":true,"href":"https:\/\/myvalentina.store\/es\/wp-json\/wp\/v2\/product_tag?post=140792"}],"curies":[{"name":"wp","href":"https:\/\/api.w.org\/{rel}","templated":true}]}}