{"id":141381,"date":"2026-01-29T21:13:21","date_gmt":"2026-01-29T21:13:21","guid":{"rendered":"https:\/\/myvalentina.store\/?post_type=product&#038;p=141381"},"modified":"2026-03-26T19:25:45","modified_gmt":"2026-03-26T19:25:45","slug":"t-shirt-basica","status":"publish","type":"product","link":"https:\/\/myvalentina.store\/es\/producto\/t-shirt-basica\/","title":{"rendered":"Camiseta b\u00e1sica"},"content":{"rendered":"<p>Camiseta b\u00e1sica con el\u00e1stico. Tejido suave.<\/p>\n<p>El modelo es talla \u00fanica y sirve para: S M L<\/p>\n<p>A modo de comparaci\u00f3n, la modelo mide 1,64 metros y viste la talla XS\/S.<\/p>\n<p>&nbsp;<\/p>","protected":false},"excerpt":{"rendered":"<p>Camiseta b\u00e1sica con el\u00e1stico. Tejido suave.<\/p>\n<p>El modelo es talla \u00fanica y sirve para: S M L<\/p>\n<p>A modo de comparaci\u00f3n, la modelo mide 1,64 metros y viste la talla XS\/S.<\/p>","protected":false},"featured_media":141390,"comment_status":"closed","ping_status":"closed","template":"","meta":[],"product_brand":[],"product_cat":[155,169],"product_tag":[],"class_list":{"0":"post-141381","1":"product","2":"type-product","3":"status-publish","4":"has-post-thumbnail","6":"product_cat-collection","7":"product_cat-t-shirts-vestuario","9":"first","10":"instock","11":"taxable","12":"shipping-taxable","13":"purchasable","14":"product-type-variable","15":"layout-style-1","16":"col-md-4 col-sm-4 col-xs-6","17":"col-lg-4","18":"product-has-gallery","19":"product-style-default"},"_links":{"self":[{"href":"https:\/\/myvalentina.store\/es\/wp-json\/wp\/v2\/product\/141381","targetHints":{"allow":["GET"]}}],"collection":[{"href":"https:\/\/myvalentina.store\/es\/wp-json\/wp\/v2\/product"}],"about":[{"href":"https:\/\/myvalentina.store\/es\/wp-json\/wp\/v2\/types\/product"}],"replies":[{"embeddable":true,"href":"https:\/\/myvalentina.store\/es\/wp-json\/wp\/v2\/comments?post=141381"}],"version-history":[{"count":1,"href":"https:\/\/myvalentina.store\/es\/wp-json\/wp\/v2\/product\/141381\/revisions"}],"predecessor-version":[{"id":141393,"href":"https:\/\/myvalentina.store\/es\/wp-json\/wp\/v2\/product\/141381\/revisions\/141393"}],"wp:featuredmedia":[{"embeddable":true,"href":"https:\/\/myvalentina.store\/es\/wp-json\/wp\/v2\/media\/141390"}],"wp:attachment":[{"href":"https:\/\/myvalentina.store\/es\/wp-json\/wp\/v2\/media?parent=141381"}],"wp:term":[{"taxonomy":"product_brand","embeddable":true,"href":"https:\/\/myvalentina.store\/es\/wp-json\/wp\/v2\/product_brand?post=141381"},{"taxonomy":"product_cat","embeddable":true,"href":"https:\/\/myvalentina.store\/es\/wp-json\/wp\/v2\/product_cat?post=141381"},{"taxonomy":"product_tag","embeddable":true,"href":"https:\/\/myvalentina.store\/es\/wp-json\/wp\/v2\/product_tag?post=141381"}],"curies":[{"name":"wp","href":"https:\/\/api.w.org\/{rel}","templated":true}]}}