{"id":142549,"date":"2026-03-03T17:25:36","date_gmt":"2026-03-03T17:25:36","guid":{"rendered":"https:\/\/myvalentina.store\/?post_type=product&#038;p=142549"},"modified":"2026-04-13T09:38:32","modified_gmt":"2026-04-13T09:38:32","slug":"calcas-de-alfaiataria-wide-leg-efeito-linho","status":"publish","type":"product","link":"https:\/\/myvalentina.store\/es\/producto\/calcas-de-alfaiataria-wide-leg-efeito-linho\/","title":{"rendered":"Pantal\u00f3n de sastrer\u00eda Wide Leg  efecto lino"},"content":{"rendered":"<p>Pantal\u00f3n sastre de pernera ancha con efecto lino. Se ajustan muy bien. Tienen bolsillos y cintura el\u00e1stica en la parte trasera. Confeccionados en algod\u00f3n y lino.<\/p>\n<p>El modelo tiene las tallas: S M L<\/p>\n<p>A modo de comparaci\u00f3n, la modelo mide 1,64 metros y viste las tallas XS\/S y S.<\/p>\n<p>&nbsp;<\/p>\n<p>&nbsp;<\/p>\n<p>&nbsp;<\/p>","protected":false},"excerpt":{"rendered":"<p>Pantal\u00f3n sastre de pernera ancha con efecto lino. Se ajustan muy bien. Tienen bolsillos y cintura el\u00e1stica en la parte trasera. Confeccionados en algod\u00f3n y lino.<\/p>\n<p>El modelo tiene las tallas: S M L<\/p>\n<p>A modo de comparaci\u00f3n, la modelo mide 1,64 metros y viste las tallas XS\/S y S.<\/p>","protected":false},"featured_media":142557,"comment_status":"closed","ping_status":"closed","template":"","meta":[],"product_brand":[],"product_cat":[157,155],"product_tag":[],"class_list":{"0":"post-142549","1":"product","2":"type-product","3":"status-publish","4":"has-post-thumbnail","6":"product_cat-calcas-vestuario","7":"product_cat-collection","9":"first","10":"instock","11":"featured","12":"taxable","13":"shipping-taxable","14":"purchasable","15":"product-type-variable","16":"layout-style-1","17":"col-md-4 col-sm-4 col-xs-6","18":"col-lg-4","19":"product-has-gallery","20":"product-style-default"},"_links":{"self":[{"href":"https:\/\/myvalentina.store\/es\/wp-json\/wp\/v2\/product\/142549","targetHints":{"allow":["GET"]}}],"collection":[{"href":"https:\/\/myvalentina.store\/es\/wp-json\/wp\/v2\/product"}],"about":[{"href":"https:\/\/myvalentina.store\/es\/wp-json\/wp\/v2\/types\/product"}],"replies":[{"embeddable":true,"href":"https:\/\/myvalentina.store\/es\/wp-json\/wp\/v2\/comments?post=142549"}],"version-history":[{"count":1,"href":"https:\/\/myvalentina.store\/es\/wp-json\/wp\/v2\/product\/142549\/revisions"}],"predecessor-version":[{"id":142567,"href":"https:\/\/myvalentina.store\/es\/wp-json\/wp\/v2\/product\/142549\/revisions\/142567"}],"wp:featuredmedia":[{"embeddable":true,"href":"https:\/\/myvalentina.store\/es\/wp-json\/wp\/v2\/media\/142557"}],"wp:attachment":[{"href":"https:\/\/myvalentina.store\/es\/wp-json\/wp\/v2\/media?parent=142549"}],"wp:term":[{"taxonomy":"product_brand","embeddable":true,"href":"https:\/\/myvalentina.store\/es\/wp-json\/wp\/v2\/product_brand?post=142549"},{"taxonomy":"product_cat","embeddable":true,"href":"https:\/\/myvalentina.store\/es\/wp-json\/wp\/v2\/product_cat?post=142549"},{"taxonomy":"product_tag","embeddable":true,"href":"https:\/\/myvalentina.store\/es\/wp-json\/wp\/v2\/product_tag?post=142549"}],"curies":[{"name":"wp","href":"https:\/\/api.w.org\/{rel}","templated":true}]}}