{"id":142645,"date":"2026-03-10T21:00:01","date_gmt":"2026-03-10T21:00:01","guid":{"rendered":"https:\/\/myvalentina.store\/?post_type=product&#038;p=142645"},"modified":"2026-03-20T20:03:47","modified_gmt":"2026-03-20T20:03:47","slug":"calcas-de-ganga-wide-leg-cognac-star","status":"publish","type":"product","link":"https:\/\/myvalentina.store\/es\/producto\/calcas-de-ganga-wide-leg-cognac-star\/","title":{"rendered":"Vaqueros de Wide Leg Cognac Star"},"content":{"rendered":"<p>Vaqueros de pernera ancha con cintura alta y corte estructurado. Confeccionados en tejido vaquero de excelente calidad, con elasticidad para un ajuste c\u00f3modo y elegante. El detalle art\u00edstico de la estrella de napa en el bolsillo trasero hace que la pieza sea \u00fanica e irreverente.<\/p>\n<p>Tallas: de la 34 a la 40<\/p>\n<p>A modo de comparaci\u00f3n, la modelo mide 1,64 m, calza 34\/36 y lleva 36.<\/p>\n<p>&nbsp;<\/p>\n<p>&nbsp;<\/p>\n<p>&nbsp;<\/p>\n<p>&nbsp;<\/p>","protected":false},"excerpt":{"rendered":"<p>Vaqueros de pernera ancha con cintura alta y corte estructurado. Confeccionados en tejido vaquero de excelente calidad, con elasticidad para un ajuste c\u00f3modo y elegante. El detalle art\u00edstico de la estrella de napa en el bolsillo trasero hace que la pieza sea \u00fanica e irreverente.<\/p>\n<p>Tallas: de la 34 a la 42<\/p>\n<p>A modo de comparaci\u00f3n, la modelo mide 1,64 m, calza 34\/36 y lleva 36.<\/p>\n<p>&nbsp;<\/p>","protected":false},"featured_media":142651,"comment_status":"closed","ping_status":"closed","template":"","meta":[],"product_brand":[],"product_cat":[157,155],"product_tag":[],"class_list":{"0":"post-142645","1":"product","2":"type-product","3":"status-publish","4":"has-post-thumbnail","6":"product_cat-calcas-vestuario","7":"product_cat-collection","9":"first","10":"instock","11":"featured","12":"taxable","13":"shipping-taxable","14":"purchasable","15":"product-type-variable","16":"layout-style-1","17":"col-md-4 col-sm-4 col-xs-6","18":"col-lg-4","19":"product-has-gallery","20":"product-style-default"},"_links":{"self":[{"href":"https:\/\/myvalentina.store\/es\/wp-json\/wp\/v2\/product\/142645","targetHints":{"allow":["GET"]}}],"collection":[{"href":"https:\/\/myvalentina.store\/es\/wp-json\/wp\/v2\/product"}],"about":[{"href":"https:\/\/myvalentina.store\/es\/wp-json\/wp\/v2\/types\/product"}],"replies":[{"embeddable":true,"href":"https:\/\/myvalentina.store\/es\/wp-json\/wp\/v2\/comments?post=142645"}],"version-history":[{"count":2,"href":"https:\/\/myvalentina.store\/es\/wp-json\/wp\/v2\/product\/142645\/revisions"}],"predecessor-version":[{"id":143016,"href":"https:\/\/myvalentina.store\/es\/wp-json\/wp\/v2\/product\/142645\/revisions\/143016"}],"wp:featuredmedia":[{"embeddable":true,"href":"https:\/\/myvalentina.store\/es\/wp-json\/wp\/v2\/media\/142651"}],"wp:attachment":[{"href":"https:\/\/myvalentina.store\/es\/wp-json\/wp\/v2\/media?parent=142645"}],"wp:term":[{"taxonomy":"product_brand","embeddable":true,"href":"https:\/\/myvalentina.store\/es\/wp-json\/wp\/v2\/product_brand?post=142645"},{"taxonomy":"product_cat","embeddable":true,"href":"https:\/\/myvalentina.store\/es\/wp-json\/wp\/v2\/product_cat?post=142645"},{"taxonomy":"product_tag","embeddable":true,"href":"https:\/\/myvalentina.store\/es\/wp-json\/wp\/v2\/product_tag?post=142645"}],"curies":[{"name":"wp","href":"https:\/\/api.w.org\/{rel}","templated":true}]}}