{"id":142871,"date":"2026-03-14T09:22:16","date_gmt":"2026-03-14T09:22:16","guid":{"rendered":"https:\/\/myvalentina.store\/?post_type=product&#038;p=142871"},"modified":"2026-03-25T15:53:56","modified_gmt":"2026-03-25T15:53:56","slug":"vestido-cetim-pearl-shine","status":"publish","type":"product","link":"https:\/\/myvalentina.store\/es\/producto\/vestido-cetim-pearl-shine\/","title":{"rendered":"Vestido Cetim Pearl Shine"},"content":{"rendered":"<p style=\"text-align: left;\">Vestido em cetim de \u00f3tima qualidade, na cor champanhe. Tecido grosso, com fecho na lateral para ser mais f\u00e1cil de vestir. Detalhe de aplique met\u00e1lico numa das al\u00e7as. N\u00e3o tem elasticidade. Fitting elegante, conferindo a possibilidade de o usar em v\u00e1rias ocasi\u00f5es. Desde festas casamentos a um jantar especial. Veste tamanho real.<\/p>\n<p>El modelo est\u00e1 disponible en las tallas: S\/M y M\/L<\/p>\n<p>A modo de comparaci\u00f3n, la modelo mide 1,64 m, viste XS\/S y lleva S\/M.<\/p>\n<p>&nbsp;<\/p>\n<p>&nbsp;<\/p>\n<p>&nbsp;<\/p>\n<p>&nbsp;<\/p>","protected":false},"excerpt":{"rendered":"<p>Vestido em cetim de \u00f3tima qualidade, na cor champanhe. Tecido grosso, com fecho na lateral para ser mais f\u00e1cil de vestir. Detalhe de aplique met\u00e1lico numa das al\u00e7as. N\u00e3o tem elasticidade. Fitting elegante, conferindo a possibilidade de o usar em v\u00e1rias ocasi\u00f5es. Desde festas casamentos a um jantar especial. Veste tamanho real.<\/p>\n<p>El modelo est\u00e1 disponible en las tallas: S\/M y M\/L<\/p>\n<p>A modo de comparaci\u00f3n, la modelo mide 1,64 m, viste XS\/S y lleva S\/M.<\/p>","protected":false},"featured_media":142876,"comment_status":"closed","ping_status":"closed","template":"","meta":[],"product_brand":[],"product_cat":[155,16199,165,164],"product_tag":[],"class_list":{"0":"post-142871","1":"product","2":"type-product","3":"status-publish","4":"has-post-thumbnail","6":"product_cat-collection","7":"product_cat-especial-eventos","8":"product_cat-vestido-comprido-vestidos-vestuario","9":"product_cat-vestidos-vestuario","11":"first","12":"outofstock","13":"taxable","14":"shipping-taxable","15":"purchasable","16":"product-type-variable","17":"layout-style-1","18":"col-md-4 col-sm-4 col-xs-6","19":"col-lg-4","20":"product-has-gallery","21":"product-style-default"},"_links":{"self":[{"href":"https:\/\/myvalentina.store\/es\/wp-json\/wp\/v2\/product\/142871","targetHints":{"allow":["GET"]}}],"collection":[{"href":"https:\/\/myvalentina.store\/es\/wp-json\/wp\/v2\/product"}],"about":[{"href":"https:\/\/myvalentina.store\/es\/wp-json\/wp\/v2\/types\/product"}],"replies":[{"embeddable":true,"href":"https:\/\/myvalentina.store\/es\/wp-json\/wp\/v2\/comments?post=142871"}],"version-history":[{"count":1,"href":"https:\/\/myvalentina.store\/es\/wp-json\/wp\/v2\/product\/142871\/revisions"}],"predecessor-version":[{"id":142883,"href":"https:\/\/myvalentina.store\/es\/wp-json\/wp\/v2\/product\/142871\/revisions\/142883"}],"wp:featuredmedia":[{"embeddable":true,"href":"https:\/\/myvalentina.store\/es\/wp-json\/wp\/v2\/media\/142876"}],"wp:attachment":[{"href":"https:\/\/myvalentina.store\/es\/wp-json\/wp\/v2\/media?parent=142871"}],"wp:term":[{"taxonomy":"product_brand","embeddable":true,"href":"https:\/\/myvalentina.store\/es\/wp-json\/wp\/v2\/product_brand?post=142871"},{"taxonomy":"product_cat","embeddable":true,"href":"https:\/\/myvalentina.store\/es\/wp-json\/wp\/v2\/product_cat?post=142871"},{"taxonomy":"product_tag","embeddable":true,"href":"https:\/\/myvalentina.store\/es\/wp-json\/wp\/v2\/product_tag?post=142871"}],"curies":[{"name":"wp","href":"https:\/\/api.w.org\/{rel}","templated":true}]}}