{"id":142901,"date":"2026-03-14T09:22:08","date_gmt":"2026-03-14T09:22:08","guid":{"rendered":"https:\/\/myvalentina.store\/?post_type=product&#038;p=142901"},"modified":"2026-03-25T17:59:52","modified_gmt":"2026-03-25T17:59:52","slug":"vestido-silhouette-edition","status":"publish","type":"product","link":"https:\/\/myvalentina.store\/es\/producto\/vestido-silhouette-edition\/","title":{"rendered":"Vestido Silhouette Edition"},"content":{"rendered":"<p style=\"text-align: left;\">Vestido modelo tubo com um tecido de excelente qualidade. Com fecho atr\u00e1s. Tem elasticidade e \u00e9 todo forrado. Fitting elegante, conferindo a possibilidade de o usar em v\u00e1rias ocasi\u00f5es. Desde festas casamentos a um jantar especial. Veste tamanho real.<\/p>\n<p>El modelo est\u00e1 disponible en las tallas: S M L<\/p>\n<p>A modo de comparaci\u00f3n, la modelo mide 1,64 m, viste XS\/S y lleva S\/M.<\/p>\n<p>&nbsp;<\/p>\n<p>&nbsp;<\/p>\n<p>&nbsp;<\/p>\n<p>&nbsp;<\/p>","protected":false},"excerpt":{"rendered":"<p>Vestido em cetim de \u00f3tima qualidade com detalhe de renda. Com fecho atr\u00e1s. N\u00e3o tem elasticidade. Fitting elegante, conferindo a possibilidade de o usar em v\u00e1rias ocasi\u00f5es. Desde festas casamentos a um jantar especial. Veste tamanho real.<\/p>\n<p>El modelo est\u00e1 disponible en las tallas: S M L<\/p>\n<p>A modo de comparaci\u00f3n, la modelo mide 1,64 m, viste XS\/S y lleva S\/M.<\/p>","protected":false},"featured_media":142907,"comment_status":"closed","ping_status":"closed","template":"","meta":[],"product_brand":[],"product_cat":[155,16199,165,164],"product_tag":[],"class_list":{"0":"post-142901","1":"product","2":"type-product","3":"status-publish","4":"has-post-thumbnail","6":"product_cat-collection","7":"product_cat-especial-eventos","8":"product_cat-vestido-comprido-vestidos-vestuario","9":"product_cat-vestidos-vestuario","11":"first","12":"outofstock","13":"taxable","14":"shipping-taxable","15":"purchasable","16":"product-type-variable","17":"layout-style-1","18":"col-md-4 col-sm-4 col-xs-6","19":"col-lg-4","20":"product-has-gallery","21":"product-style-default"},"_links":{"self":[{"href":"https:\/\/myvalentina.store\/es\/wp-json\/wp\/v2\/product\/142901","targetHints":{"allow":["GET"]}}],"collection":[{"href":"https:\/\/myvalentina.store\/es\/wp-json\/wp\/v2\/product"}],"about":[{"href":"https:\/\/myvalentina.store\/es\/wp-json\/wp\/v2\/types\/product"}],"replies":[{"embeddable":true,"href":"https:\/\/myvalentina.store\/es\/wp-json\/wp\/v2\/comments?post=142901"}],"version-history":[{"count":1,"href":"https:\/\/myvalentina.store\/es\/wp-json\/wp\/v2\/product\/142901\/revisions"}],"predecessor-version":[{"id":142917,"href":"https:\/\/myvalentina.store\/es\/wp-json\/wp\/v2\/product\/142901\/revisions\/142917"}],"wp:featuredmedia":[{"embeddable":true,"href":"https:\/\/myvalentina.store\/es\/wp-json\/wp\/v2\/media\/142907"}],"wp:attachment":[{"href":"https:\/\/myvalentina.store\/es\/wp-json\/wp\/v2\/media?parent=142901"}],"wp:term":[{"taxonomy":"product_brand","embeddable":true,"href":"https:\/\/myvalentina.store\/es\/wp-json\/wp\/v2\/product_brand?post=142901"},{"taxonomy":"product_cat","embeddable":true,"href":"https:\/\/myvalentina.store\/es\/wp-json\/wp\/v2\/product_cat?post=142901"},{"taxonomy":"product_tag","embeddable":true,"href":"https:\/\/myvalentina.store\/es\/wp-json\/wp\/v2\/product_tag?post=142901"}],"curies":[{"name":"wp","href":"https:\/\/api.w.org\/{rel}","templated":true}]}}