{"id":143079,"date":"2026-03-19T19:32:29","date_gmt":"2026-03-19T19:32:29","guid":{"rendered":"https:\/\/myvalentina.store\/?post_type=product&#038;p=143079"},"modified":"2026-04-08T07:54:09","modified_gmt":"2026-04-08T07:54:09","slug":"vestido-ethereal-ruffle","status":"publish","type":"product","link":"https:\/\/myvalentina.store\/es\/producto\/vestido-ethereal-ruffle\/","title":{"rendered":"Vestido Ethereal Ruffle"},"content":{"rendered":"<p>Vestido midi, num tom amarelo pastel delicado, \u00e9 definido pelas suas camadas de folhos verticais que criam um efeito deslumbrante a cada passo. Com um decote halter que alonga a silhueta, \u00e9 a pe\u00e7a ideal para quem procura um visual iluminado, rom\u00e2ntico e absolutamente memor\u00e1vel.Todo forrado. Veste tamanho real.<\/p>\n<p>El modelo est\u00e1 disponible en las tallas: S\/M y M\/L<\/p>\n<p>A modo de comparaci\u00f3n, la modelo mide 1,64 m, viste XS\/S y lleva S\/M.<\/p>\n<p>&nbsp;<\/p>\n<p>&nbsp;<\/p>\n<p>&nbsp;<\/p>\n<p>&nbsp;<\/p>","protected":false},"excerpt":{"rendered":"<p>Vestido midi, num tom amarelo pastel delicado, \u00e9 definido pelas suas camadas de folhos verticais que criam um efeito deslumbrante a cada passo. Com um decote halter que alonga a silhueta, \u00e9 a pe\u00e7a ideal para quem procura um visual iluminado, rom\u00e2ntico e absolutamente memor\u00e1vel. Todo forrado. Veste tamanho real.<\/p>\n<p>El modelo est\u00e1 disponible en las tallas: S\/M y M\/L<\/p>\n<p>A modo de comparaci\u00f3n, la modelo mide 1,64 m, viste XS\/S y lleva S\/M.<\/p>","protected":false},"featured_media":143091,"comment_status":"closed","ping_status":"closed","template":"","meta":[],"product_brand":[],"product_cat":[155,16199,166,164],"product_tag":[],"class_list":{"0":"post-143079","1":"product","2":"type-product","3":"status-publish","4":"has-post-thumbnail","6":"product_cat-collection","7":"product_cat-especial-eventos","8":"product_cat-vestido-midi-vestidos-vestuario","9":"product_cat-vestidos-vestuario","11":"first","12":"instock","13":"taxable","14":"shipping-taxable","15":"purchasable","16":"product-type-variable","17":"layout-style-1","18":"col-md-4 col-sm-4 col-xs-6","19":"col-lg-4","20":"product-has-gallery","21":"product-style-default"},"_links":{"self":[{"href":"https:\/\/myvalentina.store\/es\/wp-json\/wp\/v2\/product\/143079","targetHints":{"allow":["GET"]}}],"collection":[{"href":"https:\/\/myvalentina.store\/es\/wp-json\/wp\/v2\/product"}],"about":[{"href":"https:\/\/myvalentina.store\/es\/wp-json\/wp\/v2\/types\/product"}],"replies":[{"embeddable":true,"href":"https:\/\/myvalentina.store\/es\/wp-json\/wp\/v2\/comments?post=143079"}],"version-history":[{"count":1,"href":"https:\/\/myvalentina.store\/es\/wp-json\/wp\/v2\/product\/143079\/revisions"}],"predecessor-version":[{"id":143097,"href":"https:\/\/myvalentina.store\/es\/wp-json\/wp\/v2\/product\/143079\/revisions\/143097"}],"wp:featuredmedia":[{"embeddable":true,"href":"https:\/\/myvalentina.store\/es\/wp-json\/wp\/v2\/media\/143091"}],"wp:attachment":[{"href":"https:\/\/myvalentina.store\/es\/wp-json\/wp\/v2\/media?parent=143079"}],"wp:term":[{"taxonomy":"product_brand","embeddable":true,"href":"https:\/\/myvalentina.store\/es\/wp-json\/wp\/v2\/product_brand?post=143079"},{"taxonomy":"product_cat","embeddable":true,"href":"https:\/\/myvalentina.store\/es\/wp-json\/wp\/v2\/product_cat?post=143079"},{"taxonomy":"product_tag","embeddable":true,"href":"https:\/\/myvalentina.store\/es\/wp-json\/wp\/v2\/product_tag?post=143079"}],"curies":[{"name":"wp","href":"https:\/\/api.w.org\/{rel}","templated":true}]}}