{"id":143098,"date":"2026-03-19T19:44:57","date_gmt":"2026-03-19T19:44:57","guid":{"rendered":"https:\/\/myvalentina.store\/?post_type=product&#038;p=143098"},"modified":"2026-04-24T22:53:53","modified_gmt":"2026-04-24T22:53:53","slug":"vestido-longo-drapeado","status":"publish","type":"product","link":"https:\/\/myvalentina.store\/es\/producto\/vestido-longo-drapeado\/","title":{"rendered":"Vestido Aura"},"content":{"rendered":"<p>Vestido de corte halter com ajuste no pesco\u00e7o que deixa as costas ligeiramente descobertas, combinado com um tronco drapeado que define a silhueta de forma impec\u00e1vel. A saia, constru\u00edda em camadas de folhos fluidos, garante um volume delicado. Tem forro cal\u00e7\u00e3o. Feito num tecido acetinado de alta qualidade, \u00e9 a pe\u00e7a chave para quem procura um look de festa moderno e feminino. Do cocktail ao casamento de dia, este modelo adapta-se a qualquer ocasi\u00e3o especial.<\/p>\n<p>El modelo est\u00e1 disponible en las tallas: S\/M y M\/L<\/p>\n<p>A modo de comparaci\u00f3n, la modelo mide 1,64 m, viste XS\/S y lleva S\/M.<\/p>","protected":false},"excerpt":{"rendered":"<p>Vestido de corte halter com ajuste no pesco\u00e7o que deixa as costas ligeiramente descobertas, combinado com um tronco drapeado que define a silhueta de forma impec\u00e1vel. A saia, constru\u00edda em camadas de folhos fluidos, garante um volume delicado. Tem forro cal\u00e7\u00e3o. Feito num tecido acetinado de alta qualidade, \u00e9 a pe\u00e7a chave para quem procura um look de festa moderno e feminino. Do cocktail ao casamento de dia, este modelo adapta-se a qualquer ocasi\u00e3o especial.<\/p>\n<p>El modelo est\u00e1 disponible en las tallas: S\/M y M\/L<\/p>\n<p>A modo de comparaci\u00f3n, la modelo mide 1,64 m, viste XS\/S y lleva S\/M.<\/p>","protected":false},"featured_media":143129,"comment_status":"closed","ping_status":"closed","template":"","meta":[],"product_brand":[],"product_cat":[155,16199,166,164],"product_tag":[],"class_list":{"0":"post-143098","1":"product","2":"type-product","3":"status-publish","4":"has-post-thumbnail","6":"product_cat-collection","7":"product_cat-especial-eventos","8":"product_cat-vestido-midi-vestidos-vestuario","9":"product_cat-vestidos-vestuario","11":"first","12":"instock","13":"taxable","14":"shipping-taxable","15":"purchasable","16":"product-type-variable","17":"layout-style-1","18":"col-md-4 col-sm-4 col-xs-6","19":"col-lg-4","20":"product-has-gallery","21":"product-style-default"},"_links":{"self":[{"href":"https:\/\/myvalentina.store\/es\/wp-json\/wp\/v2\/product\/143098","targetHints":{"allow":["GET"]}}],"collection":[{"href":"https:\/\/myvalentina.store\/es\/wp-json\/wp\/v2\/product"}],"about":[{"href":"https:\/\/myvalentina.store\/es\/wp-json\/wp\/v2\/types\/product"}],"replies":[{"embeddable":true,"href":"https:\/\/myvalentina.store\/es\/wp-json\/wp\/v2\/comments?post=143098"}],"version-history":[{"count":1,"href":"https:\/\/myvalentina.store\/es\/wp-json\/wp\/v2\/product\/143098\/revisions"}],"predecessor-version":[{"id":143130,"href":"https:\/\/myvalentina.store\/es\/wp-json\/wp\/v2\/product\/143098\/revisions\/143130"}],"wp:featuredmedia":[{"embeddable":true,"href":"https:\/\/myvalentina.store\/es\/wp-json\/wp\/v2\/media\/143129"}],"wp:attachment":[{"href":"https:\/\/myvalentina.store\/es\/wp-json\/wp\/v2\/media?parent=143098"}],"wp:term":[{"taxonomy":"product_brand","embeddable":true,"href":"https:\/\/myvalentina.store\/es\/wp-json\/wp\/v2\/product_brand?post=143098"},{"taxonomy":"product_cat","embeddable":true,"href":"https:\/\/myvalentina.store\/es\/wp-json\/wp\/v2\/product_cat?post=143098"},{"taxonomy":"product_tag","embeddable":true,"href":"https:\/\/myvalentina.store\/es\/wp-json\/wp\/v2\/product_tag?post=143098"}],"curies":[{"name":"wp","href":"https:\/\/api.w.org\/{rel}","templated":true}]}}