{"id":143279,"date":"2026-03-24T19:47:45","date_gmt":"2026-03-24T19:47:45","guid":{"rendered":"https:\/\/myvalentina.store\/?post_type=product&#038;p=143279"},"modified":"2026-04-11T11:12:25","modified_gmt":"2026-04-11T11:12:25","slug":"calcas-ganga-efeito-cos-dobrado","status":"publish","type":"product","link":"https:\/\/myvalentina.store\/es\/producto\/calcas-ganga-efeito-cos-dobrado\/","title":{"rendered":"Pantalones Vaqueros Efecto Cintura Doblada"},"content":{"rendered":"<p>Cal\u00e7as de ganga modelo barrel com o efeito c\u00f3s dobrado. Vestem super bem e a ganga \u00e9 de excelente qualidade. Garantem um caimento estruturado e elegante, valorizando a silhueta. Tem elasticidade e vestem normal. Tem bolsos e presilhas.<\/p>\n<p>Tallas: de la 34 a la 42<\/p>\n<p>A modo de comparaci\u00f3n, la modelo mide 1,64 m, viste XS\/S y lleva la 34.<\/p>\n<p>&nbsp;<\/p>\n<p>&nbsp;<\/p>\n<p>&nbsp;<\/p>","protected":false},"excerpt":{"rendered":"<p>Cal\u00e7as de ganga modelo barrel com o efeito c\u00f3s dobrado. Vestem super bem e a ganga \u00e9 de excelente qualidade. Garantem um caimento estruturado e elegante, valorizando a silhueta. Tem elasticidade e vestem normal. Tem bolsos e presilhas.<\/p>\n<p>Tallas: de la 34 a la 42<\/p>\n<p>A modo de comparaci\u00f3n, la modelo mide 1,64 m, viste XS\/S y lleva la 34.<\/p>","protected":false},"featured_media":143295,"comment_status":"closed","ping_status":"closed","template":"","meta":[],"product_brand":[],"product_cat":[157,155],"product_tag":[],"class_list":{"0":"post-143279","1":"product","2":"type-product","3":"status-publish","4":"has-post-thumbnail","6":"product_cat-calcas-vestuario","7":"product_cat-collection","9":"first","10":"instock","11":"featured","12":"taxable","13":"shipping-taxable","14":"purchasable","15":"product-type-variable","16":"layout-style-1","17":"col-md-4 col-sm-4 col-xs-6","18":"col-lg-4","19":"product-has-gallery","20":"product-style-default"},"_links":{"self":[{"href":"https:\/\/myvalentina.store\/es\/wp-json\/wp\/v2\/product\/143279","targetHints":{"allow":["GET"]}}],"collection":[{"href":"https:\/\/myvalentina.store\/es\/wp-json\/wp\/v2\/product"}],"about":[{"href":"https:\/\/myvalentina.store\/es\/wp-json\/wp\/v2\/types\/product"}],"replies":[{"embeddable":true,"href":"https:\/\/myvalentina.store\/es\/wp-json\/wp\/v2\/comments?post=143279"}],"version-history":[{"count":1,"href":"https:\/\/myvalentina.store\/es\/wp-json\/wp\/v2\/product\/143279\/revisions"}],"predecessor-version":[{"id":143303,"href":"https:\/\/myvalentina.store\/es\/wp-json\/wp\/v2\/product\/143279\/revisions\/143303"}],"wp:featuredmedia":[{"embeddable":true,"href":"https:\/\/myvalentina.store\/es\/wp-json\/wp\/v2\/media\/143295"}],"wp:attachment":[{"href":"https:\/\/myvalentina.store\/es\/wp-json\/wp\/v2\/media?parent=143279"}],"wp:term":[{"taxonomy":"product_brand","embeddable":true,"href":"https:\/\/myvalentina.store\/es\/wp-json\/wp\/v2\/product_brand?post=143279"},{"taxonomy":"product_cat","embeddable":true,"href":"https:\/\/myvalentina.store\/es\/wp-json\/wp\/v2\/product_cat?post=143279"},{"taxonomy":"product_tag","embeddable":true,"href":"https:\/\/myvalentina.store\/es\/wp-json\/wp\/v2\/product_tag?post=143279"}],"curies":[{"name":"wp","href":"https:\/\/api.w.org\/{rel}","templated":true}]}}