{"id":143739,"date":"2026-04-07T19:35:25","date_gmt":"2026-04-07T19:35:25","guid":{"rendered":"https:\/\/myvalentina.store\/?post_type=product&#038;p=143739"},"modified":"2026-04-08T19:58:40","modified_gmt":"2026-04-08T19:58:40","slug":"conjunto-de-t-shirt-efeito-abalonado","status":"publish","type":"product","link":"https:\/\/myvalentina.store\/es\/producto\/conjunto-de-t-shirt-efeito-abalonado\/","title":{"rendered":"Conjunto de T-shirt efeito Abalonado"},"content":{"rendered":"<p>Conjunto pr\u00e1tico e vers\u00e1til, com t-shirt de efeito abalonado que valoriza a silhueta. Ideal para um look descontra\u00eddo, mas sempre com estilo.<\/p>\n<p>O modelo \u00e9 tamanho \u00fanico mas serve a: S e M<\/p>\n<p>A modo de comparaci\u00f3n, la modelo mide 1,64 metros y viste la talla XS\/S.<\/p>","protected":false},"excerpt":{"rendered":"<p>Conjunto pr\u00e1tico e vers\u00e1til, com t-shirt de efeito abalonado que valoriza a silhueta. Ideal para um look descontra\u00eddo, mas sempre com estilo.<\/p>\n<p>O modelo \u00e9 tamanho \u00fanico mas serve a: S e M<\/p>\n<p>A modo de comparaci\u00f3n, la modelo mide 1,64 metros y viste la talla XS\/S.<\/p>","protected":false},"featured_media":143775,"comment_status":"closed","ping_status":"closed","template":"","meta":[],"product_brand":[],"product_cat":[155,173],"product_tag":[],"class_list":{"0":"post-143739","1":"product","2":"type-product","3":"status-publish","4":"has-post-thumbnail","6":"product_cat-collection","7":"product_cat-conjuntos-vestuario","9":"first","10":"instock","11":"taxable","12":"shipping-taxable","13":"purchasable","14":"product-type-variable","15":"new","16":"layout-style-1","17":"col-md-4 col-sm-4 col-xs-6","18":"col-lg-4","19":"product-has-gallery","20":"product-style-default"},"_links":{"self":[{"href":"https:\/\/myvalentina.store\/es\/wp-json\/wp\/v2\/product\/143739","targetHints":{"allow":["GET"]}}],"collection":[{"href":"https:\/\/myvalentina.store\/es\/wp-json\/wp\/v2\/product"}],"about":[{"href":"https:\/\/myvalentina.store\/es\/wp-json\/wp\/v2\/types\/product"}],"replies":[{"embeddable":true,"href":"https:\/\/myvalentina.store\/es\/wp-json\/wp\/v2\/comments?post=143739"}],"version-history":[{"count":3,"href":"https:\/\/myvalentina.store\/es\/wp-json\/wp\/v2\/product\/143739\/revisions"}],"predecessor-version":[{"id":143832,"href":"https:\/\/myvalentina.store\/es\/wp-json\/wp\/v2\/product\/143739\/revisions\/143832"}],"wp:featuredmedia":[{"embeddable":true,"href":"https:\/\/myvalentina.store\/es\/wp-json\/wp\/v2\/media\/143775"}],"wp:attachment":[{"href":"https:\/\/myvalentina.store\/es\/wp-json\/wp\/v2\/media?parent=143739"}],"wp:term":[{"taxonomy":"product_brand","embeddable":true,"href":"https:\/\/myvalentina.store\/es\/wp-json\/wp\/v2\/product_brand?post=143739"},{"taxonomy":"product_cat","embeddable":true,"href":"https:\/\/myvalentina.store\/es\/wp-json\/wp\/v2\/product_cat?post=143739"},{"taxonomy":"product_tag","embeddable":true,"href":"https:\/\/myvalentina.store\/es\/wp-json\/wp\/v2\/product_tag?post=143739"}],"curies":[{"name":"wp","href":"https:\/\/api.w.org\/{rel}","templated":true}]}}