{"id":143803,"date":"2026-04-08T19:46:55","date_gmt":"2026-04-08T19:46:55","guid":{"rendered":"https:\/\/myvalentina.store\/?post_type=product&#038;p=143803"},"modified":"2026-04-08T19:52:19","modified_gmt":"2026-04-08T19:52:19","slug":"conjunto-blusa-efeito-corpete-calcas","status":"publish","type":"product","link":"https:\/\/myvalentina.store\/es\/producto\/conjunto-blusa-efeito-corpete-calcas\/","title":{"rendered":"Conjunto Blusa efeito Corpete &#038; Cal\u00e7as"},"content":{"rendered":"<p>Conjunto composto por blusa efeito corpete e cal\u00e7as wide leg. Ambas as pe\u00e7as com el\u00e1stico atr\u00e1s.<\/p>\n<p>O modelo \u00e9 tamanho \u00fanico mas serve a: S e M<\/p>\n<p>A modo de comparaci\u00f3n, la modelo mide 1,64 metros y viste la talla XS\/S.<\/p>","protected":false},"excerpt":{"rendered":"<p>Conjunto composto por blusa efeito corpete e cal\u00e7as wide leg. Ambas as pe\u00e7as com el\u00e1stico atr\u00e1s.<\/p>\n<p>O modelo \u00e9 tamanho \u00fanico mas serve a: S e M<\/p>\n<p>A modo de comparaci\u00f3n, la modelo mide 1,64 metros y viste la talla XS\/S.<\/p>","protected":false},"featured_media":143811,"comment_status":"closed","ping_status":"closed","template":"","meta":[],"product_brand":[],"product_cat":[155,173],"product_tag":[],"class_list":{"0":"post-143803","1":"product","2":"type-product","3":"status-publish","4":"has-post-thumbnail","6":"product_cat-collection","7":"product_cat-conjuntos-vestuario","9":"first","10":"instock","11":"taxable","12":"shipping-taxable","13":"purchasable","14":"product-type-variable","15":"new","16":"layout-style-1","17":"col-md-4 col-sm-4 col-xs-6","18":"col-lg-4","19":"product-has-gallery","20":"product-style-default"},"_links":{"self":[{"href":"https:\/\/myvalentina.store\/es\/wp-json\/wp\/v2\/product\/143803","targetHints":{"allow":["GET"]}}],"collection":[{"href":"https:\/\/myvalentina.store\/es\/wp-json\/wp\/v2\/product"}],"about":[{"href":"https:\/\/myvalentina.store\/es\/wp-json\/wp\/v2\/types\/product"}],"replies":[{"embeddable":true,"href":"https:\/\/myvalentina.store\/es\/wp-json\/wp\/v2\/comments?post=143803"}],"version-history":[{"count":1,"href":"https:\/\/myvalentina.store\/es\/wp-json\/wp\/v2\/product\/143803\/revisions"}],"predecessor-version":[{"id":143815,"href":"https:\/\/myvalentina.store\/es\/wp-json\/wp\/v2\/product\/143803\/revisions\/143815"}],"wp:featuredmedia":[{"embeddable":true,"href":"https:\/\/myvalentina.store\/es\/wp-json\/wp\/v2\/media\/143811"}],"wp:attachment":[{"href":"https:\/\/myvalentina.store\/es\/wp-json\/wp\/v2\/media?parent=143803"}],"wp:term":[{"taxonomy":"product_brand","embeddable":true,"href":"https:\/\/myvalentina.store\/es\/wp-json\/wp\/v2\/product_brand?post=143803"},{"taxonomy":"product_cat","embeddable":true,"href":"https:\/\/myvalentina.store\/es\/wp-json\/wp\/v2\/product_cat?post=143803"},{"taxonomy":"product_tag","embeddable":true,"href":"https:\/\/myvalentina.store\/es\/wp-json\/wp\/v2\/product_tag?post=143803"}],"curies":[{"name":"wp","href":"https:\/\/api.w.org\/{rel}","templated":true}]}}