{"id":144404,"date":"2026-04-29T08:28:17","date_gmt":"2026-04-29T08:28:17","guid":{"rendered":"https:\/\/myvalentina.store\/?post_type=product&#038;p=144404"},"modified":"2026-04-29T10:50:34","modified_gmt":"2026-04-29T10:50:34","slug":"tunica-assimetrica-one-shoulder","status":"publish","type":"product","link":"https:\/\/myvalentina.store\/es\/producto\/tunica-assimetrica-one-shoulder\/","title":{"rendered":"T\u00fanica Assim\u00e9trica One Shoulder"},"content":{"rendered":"<p>T\u00fanica assim\u00e9trica com corte em bico, que alonga e favorece a silhueta. Tem elasticidade.<br \/>\nModelo com design diferenciador: um lado em manga cava e outro com manga flu\u00edda, criando um efeito elegante. F\u00e1cil de conjugar, tanto para looks mais casuais como mais arranjados. Tecido macio.<\/p>\n<p>El modelo es de talla \u00fanica y se adapta a: S y M<\/p>\n<p>A modo de comparaci\u00f3n, la modelo mide 1,64 metros y viste la talla XS\/S.<\/p>\n<p>&nbsp;<\/p>","protected":false},"excerpt":{"rendered":"<p>T\u00fanica assim\u00e9trica com corte em bico, que alonga e favorece a silhueta. Tem elasticidade.<br \/>\nModelo com design diferenciador: um lado em manga cava e outro com manga flu\u00edda, criando um efeito elegante. F\u00e1cil de conjugar, tanto para looks mais casuais como mais arranjados. Tecido macio.<\/p>\n<p>El modelo es de talla \u00fanica y se adapta a: S y M<\/p>\n<p>A modo de comparaci\u00f3n, la modelo mide 1,64 metros y viste la talla XS\/S.<\/p>\n<p>&nbsp;<\/p>","protected":false},"featured_media":144413,"comment_status":"closed","ping_status":"closed","template":"","meta":[],"product_brand":[],"product_cat":[155,158],"product_tag":[],"class_list":{"0":"post-144404","1":"product","2":"type-product","3":"status-publish","4":"has-post-thumbnail","6":"product_cat-collection","7":"product_cat-tops-vestuario","9":"first","10":"instock","11":"taxable","12":"shipping-taxable","13":"purchasable","14":"product-type-variable","15":"new","16":"layout-style-1","17":"col-md-4 col-sm-4 col-xs-6","18":"col-lg-4","19":"product-has-gallery","20":"product-style-default"},"_links":{"self":[{"href":"https:\/\/myvalentina.store\/es\/wp-json\/wp\/v2\/product\/144404","targetHints":{"allow":["GET"]}}],"collection":[{"href":"https:\/\/myvalentina.store\/es\/wp-json\/wp\/v2\/product"}],"about":[{"href":"https:\/\/myvalentina.store\/es\/wp-json\/wp\/v2\/types\/product"}],"replies":[{"embeddable":true,"href":"https:\/\/myvalentina.store\/es\/wp-json\/wp\/v2\/comments?post=144404"}],"version-history":[{"count":1,"href":"https:\/\/myvalentina.store\/es\/wp-json\/wp\/v2\/product\/144404\/revisions"}],"predecessor-version":[{"id":144421,"href":"https:\/\/myvalentina.store\/es\/wp-json\/wp\/v2\/product\/144404\/revisions\/144421"}],"wp:featuredmedia":[{"embeddable":true,"href":"https:\/\/myvalentina.store\/es\/wp-json\/wp\/v2\/media\/144413"}],"wp:attachment":[{"href":"https:\/\/myvalentina.store\/es\/wp-json\/wp\/v2\/media?parent=144404"}],"wp:term":[{"taxonomy":"product_brand","embeddable":true,"href":"https:\/\/myvalentina.store\/es\/wp-json\/wp\/v2\/product_brand?post=144404"},{"taxonomy":"product_cat","embeddable":true,"href":"https:\/\/myvalentina.store\/es\/wp-json\/wp\/v2\/product_cat?post=144404"},{"taxonomy":"product_tag","embeddable":true,"href":"https:\/\/myvalentina.store\/es\/wp-json\/wp\/v2\/product_tag?post=144404"}],"curies":[{"name":"wp","href":"https:\/\/api.w.org\/{rel}","templated":true}]}}