{"id":144613,"date":"2026-05-07T19:50:15","date_gmt":"2026-05-07T19:50:15","guid":{"rendered":"https:\/\/myvalentina.store\/?post_type=product&#038;p=144613"},"modified":"2026-05-07T20:02:07","modified_gmt":"2026-05-07T20:02:07","slug":"conjunto-golden-essence","status":"publish","type":"product","link":"https:\/\/myvalentina.store\/es\/producto\/conjunto-golden-essence\/","title":{"rendered":"Conjunto Golden Essence"},"content":{"rendered":"<p>Conjunto elegante composto por top halter e cal\u00e7as pantalona. Este conjunto respira ver\u00e3o e sofistica\u00e7\u00e3o. Com um toque texturizado que lembra o linho e tem uns fios dourados quase invis\u00edveis que \u201ciluminam\u201d a pele. O top tem a frente entran\u00e7ada e amarra no pesco\u00e7o. Tem as costas abertas (ajuste perfeito com el\u00e1stico). As cal\u00e7as t\u00eam um corte fluido e comprido, com o detalhe de punho no tornozelo e len\u00e7o na cintura.<\/p>\n<p>El modelo es talla \u00fanica y sirve para: S M L<\/p>\n<p>Como compara\u00e7\u00e3o, a modelo mede 1.64m e veste XS\/S e est\u00e1 com o S vestido. A modelo est\u00e1 com um salto de 7cm.<\/p>","protected":false},"excerpt":{"rendered":"<p>Conjunto elegante composto por top assim\u00e9trico com detalhe dourado no ombro e ajuste lateral, que valoriza a silhueta. O top na tem elasticidade. Cal\u00e7as de corte flu\u00eddo com el\u00e1stico na parte de tr\u00e1s para maior conforto e adapta\u00e7\u00e3o. Um conjunto sofisticado, perfeito para looks mais marcantes sem perder eleg\u00e2ncia.<\/p>\n<p>El modelo est\u00e1 disponible en las tallas: S y M<\/p>\n<p>Como compara\u00e7\u00e3o, a modelo mede 1.64m e veste XS\/S e est\u00e1 com o S vestido. A modelo est\u00e1 com um salto de 7cm.<\/p>","protected":false},"featured_media":144636,"comment_status":"closed","ping_status":"closed","template":"","meta":[],"product_brand":[],"product_cat":[155,173],"product_tag":[],"class_list":{"0":"post-144613","1":"product","2":"type-product","3":"status-publish","4":"has-post-thumbnail","6":"product_cat-collection","7":"product_cat-conjuntos-vestuario","9":"first","10":"instock","11":"taxable","12":"shipping-taxable","13":"purchasable","14":"product-type-variable","15":"new","16":"layout-style-1","17":"col-md-4 col-sm-4 col-xs-6","18":"col-lg-4","19":"product-has-gallery","20":"product-style-default"},"_links":{"self":[{"href":"https:\/\/myvalentina.store\/es\/wp-json\/wp\/v2\/product\/144613","targetHints":{"allow":["GET"]}}],"collection":[{"href":"https:\/\/myvalentina.store\/es\/wp-json\/wp\/v2\/product"}],"about":[{"href":"https:\/\/myvalentina.store\/es\/wp-json\/wp\/v2\/types\/product"}],"replies":[{"embeddable":true,"href":"https:\/\/myvalentina.store\/es\/wp-json\/wp\/v2\/comments?post=144613"}],"version-history":[{"count":1,"href":"https:\/\/myvalentina.store\/es\/wp-json\/wp\/v2\/product\/144613\/revisions"}],"predecessor-version":[{"id":144643,"href":"https:\/\/myvalentina.store\/es\/wp-json\/wp\/v2\/product\/144613\/revisions\/144643"}],"wp:featuredmedia":[{"embeddable":true,"href":"https:\/\/myvalentina.store\/es\/wp-json\/wp\/v2\/media\/144636"}],"wp:attachment":[{"href":"https:\/\/myvalentina.store\/es\/wp-json\/wp\/v2\/media?parent=144613"}],"wp:term":[{"taxonomy":"product_brand","embeddable":true,"href":"https:\/\/myvalentina.store\/es\/wp-json\/wp\/v2\/product_brand?post=144613"},{"taxonomy":"product_cat","embeddable":true,"href":"https:\/\/myvalentina.store\/es\/wp-json\/wp\/v2\/product_cat?post=144613"},{"taxonomy":"product_tag","embeddable":true,"href":"https:\/\/myvalentina.store\/es\/wp-json\/wp\/v2\/product_tag?post=144613"}],"curies":[{"name":"wp","href":"https:\/\/api.w.org\/{rel}","templated":true}]}}