{"id":144679,"date":"2026-05-12T18:42:03","date_gmt":"2026-05-12T18:42:03","guid":{"rendered":"https:\/\/myvalentina.store\/?post_type=product&#038;p=144679"},"modified":"2026-05-12T21:59:34","modified_gmt":"2026-05-12T21:59:34","slug":"conjunto-com-blusa-efeito-abalonado","status":"publish","type":"product","link":"https:\/\/myvalentina.store\/es\/producto\/conjunto-com-blusa-efeito-abalonado\/","title":{"rendered":"Conjunto com Blusa efeito Abalonado"},"content":{"rendered":"<p>Conjunto confort\u00e1vel, elegante e vers\u00e1til, com t-blusa com efeito abalonado que valoriza a silhueta. Blusa com elasticidade em baixo e cal\u00e7as com elasticidade na cinta .<\/p>\n<p>El modelo es talla \u00fanica pero sirve a: S M L<\/p>\n<p>Como compara\u00e7\u00e3o, a modelo mede 1.64m, veste XS\/S est\u00e1 com uns saltos de 7cm.<\/p>","protected":false},"excerpt":{"rendered":"<p>Conjunto confort\u00e1vel, elegante e vers\u00e1til, com t-blusa com efeito abalonado que valoriza a silhueta. Blusa com elasticidade em baixo e cal\u00e7as com elasticidade na cinta .<\/p>\n<p>El modelo es talla \u00fanica pero sirve a: S M L<\/p>\n<p>Como compara\u00e7\u00e3o, a modelo mede 1.64m, veste XS\/S est\u00e1 com uns saltos de 7cm.<\/p>","protected":false},"featured_media":144691,"comment_status":"closed","ping_status":"closed","template":"","meta":[],"product_brand":[],"product_cat":[155,173],"product_tag":[],"class_list":{"0":"post-144679","1":"product","2":"type-product","3":"status-publish","4":"has-post-thumbnail","6":"product_cat-collection","7":"product_cat-conjuntos-vestuario","9":"first","10":"instock","11":"taxable","12":"shipping-taxable","13":"purchasable","14":"product-type-variable","15":"new","16":"layout-style-1","17":"col-md-4 col-sm-4 col-xs-6","18":"col-lg-4","19":"product-has-gallery","20":"product-style-default"},"_links":{"self":[{"href":"https:\/\/myvalentina.store\/es\/wp-json\/wp\/v2\/product\/144679","targetHints":{"allow":["GET"]}}],"collection":[{"href":"https:\/\/myvalentina.store\/es\/wp-json\/wp\/v2\/product"}],"about":[{"href":"https:\/\/myvalentina.store\/es\/wp-json\/wp\/v2\/types\/product"}],"replies":[{"embeddable":true,"href":"https:\/\/myvalentina.store\/es\/wp-json\/wp\/v2\/comments?post=144679"}],"version-history":[{"count":1,"href":"https:\/\/myvalentina.store\/es\/wp-json\/wp\/v2\/product\/144679\/revisions"}],"predecessor-version":[{"id":144700,"href":"https:\/\/myvalentina.store\/es\/wp-json\/wp\/v2\/product\/144679\/revisions\/144700"}],"wp:featuredmedia":[{"embeddable":true,"href":"https:\/\/myvalentina.store\/es\/wp-json\/wp\/v2\/media\/144691"}],"wp:attachment":[{"href":"https:\/\/myvalentina.store\/es\/wp-json\/wp\/v2\/media?parent=144679"}],"wp:term":[{"taxonomy":"product_brand","embeddable":true,"href":"https:\/\/myvalentina.store\/es\/wp-json\/wp\/v2\/product_brand?post=144679"},{"taxonomy":"product_cat","embeddable":true,"href":"https:\/\/myvalentina.store\/es\/wp-json\/wp\/v2\/product_cat?post=144679"},{"taxonomy":"product_tag","embeddable":true,"href":"https:\/\/myvalentina.store\/es\/wp-json\/wp\/v2\/product_tag?post=144679"}],"curies":[{"name":"wp","href":"https:\/\/api.w.org\/{rel}","templated":true}]}}