{"id":144759,"date":"2026-05-14T17:26:40","date_gmt":"2026-05-14T17:26:40","guid":{"rendered":"https:\/\/myvalentina.store\/?post_type=product&#038;p=144759"},"modified":"2026-05-14T17:37:40","modified_gmt":"2026-05-14T17:37:40","slug":"top-one-shoulder-knot","status":"publish","type":"product","link":"https:\/\/myvalentina.store\/es\/producto\/top-one-shoulder-knot\/","title":{"rendered":"Top One-Shoulder Knot"},"content":{"rendered":"<p>Top assim\u00e9trico em tecido licrado, com elasticidade. Tecido com qualidade.<\/p>\n<p>Ele \u00e9 a defini\u00e7\u00e3o de eleg\u00e2ncia.<\/p>\n<p>El modelo es talla \u00fanica y sirve para: S M L<\/p>\n<p>A modo de comparaci\u00f3n, la modelo mide 1,64 metros y viste la talla XS\/S.<\/p>\n<p>&nbsp;<\/p>","protected":false},"excerpt":{"rendered":"<p>Top assim\u00e9trico em tecido licrado, com elasticidade. Tecido com qualidade.<\/p>\n<p>Ele \u00e9 a defini\u00e7\u00e3o de eleg\u00e2ncia.<\/p>\n<p>El modelo es talla \u00fanica y sirve para: S M L<\/p>\n<p>A modo de comparaci\u00f3n, la modelo mide 1,64 metros y viste la talla XS\/S.<\/p>","protected":false},"featured_media":144777,"comment_status":"closed","ping_status":"closed","template":"","meta":[],"product_brand":[],"product_cat":[170,155],"product_tag":[],"class_list":{"0":"post-144759","1":"product","2":"type-product","3":"status-publish","4":"has-post-thumbnail","6":"product_cat-body-vestuario","7":"product_cat-collection","9":"first","10":"instock","11":"taxable","12":"shipping-taxable","13":"purchasable","14":"product-type-variable","15":"new","16":"layout-style-1","17":"col-md-4 col-sm-4 col-xs-6","18":"col-lg-4","19":"product-has-gallery","20":"product-style-default"},"_links":{"self":[{"href":"https:\/\/myvalentina.store\/es\/wp-json\/wp\/v2\/product\/144759","targetHints":{"allow":["GET"]}}],"collection":[{"href":"https:\/\/myvalentina.store\/es\/wp-json\/wp\/v2\/product"}],"about":[{"href":"https:\/\/myvalentina.store\/es\/wp-json\/wp\/v2\/types\/product"}],"replies":[{"embeddable":true,"href":"https:\/\/myvalentina.store\/es\/wp-json\/wp\/v2\/comments?post=144759"}],"version-history":[{"count":1,"href":"https:\/\/myvalentina.store\/es\/wp-json\/wp\/v2\/product\/144759\/revisions"}],"predecessor-version":[{"id":144780,"href":"https:\/\/myvalentina.store\/es\/wp-json\/wp\/v2\/product\/144759\/revisions\/144780"}],"wp:featuredmedia":[{"embeddable":true,"href":"https:\/\/myvalentina.store\/es\/wp-json\/wp\/v2\/media\/144777"}],"wp:attachment":[{"href":"https:\/\/myvalentina.store\/es\/wp-json\/wp\/v2\/media?parent=144759"}],"wp:term":[{"taxonomy":"product_brand","embeddable":true,"href":"https:\/\/myvalentina.store\/es\/wp-json\/wp\/v2\/product_brand?post=144759"},{"taxonomy":"product_cat","embeddable":true,"href":"https:\/\/myvalentina.store\/es\/wp-json\/wp\/v2\/product_cat?post=144759"},{"taxonomy":"product_tag","embeddable":true,"href":"https:\/\/myvalentina.store\/es\/wp-json\/wp\/v2\/product_tag?post=144759"}],"curies":[{"name":"wp","href":"https:\/\/api.w.org\/{rel}","templated":true}]}}